{"id":1663,"date":"2024-09-03T04:57:30","date_gmt":"2024-09-03T04:57:30","guid":{"rendered":"https:\/\/plinkogambling.net\/?page_id=1663"},"modified":"2025-03-13T10:49:22","modified_gmt":"2025-03-13T10:49:22","slug":"about-us","status":"publish","type":"page","link":"https:\/\/plinkogambling.net\/pt\/about-us\/","title":{"rendered":"Sobre n\u00f3s"},"content":{"rendered":"<div data-elementor-type=\"wp-page\" data-elementor-id=\"1663\" class=\"elementor elementor-1663\">\n\t\t\t\t\t\t<section class=\"elementor-section elementor-top-section elementor-element elementor-element-a9534d0 elementor-section-boxed elementor-section-height-default elementor-section-height-default\" data-id=\"a9534d0\" data-element_type=\"section\" data-e-type=\"section\">\n\t\t\t\t\t\t<div class=\"elementor-container elementor-column-gap-default\">\n\t\t\t\t\t<div class=\"elementor-column elementor-col-100 elementor-top-column elementor-element elementor-element-af7209e\" data-id=\"af7209e\" data-element_type=\"column\" data-e-type=\"column\">\n\t\t\t<div class=\"elementor-widget-wrap elementor-element-populated\">\n\t\t\t\t\t\t<div class=\"elementor-element elementor-element-5c5e1a0 elementor-widget elementor-widget-spacer\" data-id=\"5c5e1a0\" data-element_type=\"widget\" data-e-type=\"widget\" data-widget_type=\"spacer.default\">\n\t\t\t\t<div class=\"elementor-widget-container\">\n\t\t\t\t\t\t\t<div class=\"elementor-spacer\">\n\t\t\t<div class=\"elementor-spacer-inner\"><\/div>\n\t\t<\/div>\n\t\t\t\t\t\t<\/div>\n\t\t\t\t<\/div>\n\t\t\t\t<div class=\"elementor-element elementor-element-000767e elementor-widget elementor-widget-heading\" data-id=\"000767e\" data-element_type=\"widget\" data-e-type=\"widget\" data-widget_type=\"heading.default\">\n\t\t\t\t<div class=\"elementor-widget-container\">\n\t\t\t\t\t<h1 class=\"elementor-heading-title elementor-size-default\">Plinko Gambling - Sobre n\u00f3s<\/h1>\t\t\t\t<\/div>\n\t\t\t\t<\/div>\n\t\t\t\t<div class=\"elementor-element elementor-element-9b21098 elementor-widget elementor-widget-text-editor\" data-id=\"9b21098\" data-element_type=\"widget\" data-e-type=\"widget\" data-widget_type=\"text-editor.default\">\n\t\t\t\t<div class=\"elementor-widget-container\">\n\t\t\t\t\t\t\t\t\t<p><strong>PlinkoGambling.net<\/strong> \u00e9 o seu recurso confi\u00e1vel para tudo relacionado ao jogo Plinko e aos jogos de azar on-line. Nosso objetivo \u00e9 fornecer conte\u00fado preciso, confi\u00e1vel e envolvente para ajud\u00e1-lo a tomar decis\u00f5es informadas enquanto joga.<\/p>\n\n<p>Vamos al\u00e9m de simples an\u00e1lises de jogos - nosso foco \u00e9 garantir que voc\u00ea aproveite sua experi\u00eancia de jogo com responsabilidade. Quer voc\u00ea seja novo no Plinko ou um jogador experiente, fornecemos informa\u00e7\u00f5es valiosas que o ajudar\u00e3o a jogar com seguran\u00e7a e responsabilidade. Nosso conte\u00fado foi desenvolvido para ser informativo e agrad\u00e1vel, fornecendo todos os detalhes de que voc\u00ea precisa para aproveitar ao m\u00e1ximo seu jogo.<\/p>\n\n<p>O <strong>PlinkoGambling.net<\/strong> A equipe da Plinko \u00e9 formada por especialistas com anos de experi\u00eancia no mundo dos jogos on-line. N\u00f3s nos dedicamos a fornecer conte\u00fado de f\u00e1cil compreens\u00e3o, para que voc\u00ea possa fazer as melhores escolhas com confian\u00e7a quando se trata do Plinko e de outros jogos on-line populares.<\/p>\n\n<p>Transpar\u00eancia e integridade s\u00e3o fundamentais para n\u00f3s. Nossas an\u00e1lises s\u00e3o objetivas e imparciais, fornecendo insights honestos que o ajudam a navegar no mundo dos jogos on-line. Garantimos que as informa\u00e7\u00f5es que voc\u00ea encontra aqui sejam diretas e confi\u00e1veis.<\/p>\n\n<p>O cen\u00e1rio dos jogos on-line est\u00e1 em constante evolu\u00e7\u00e3o, e n\u00f3s ficamos por dentro das \u00faltimas tend\u00eancias, atualiza\u00e7\u00f5es e recursos relacionados ao Plinko. Quer se trate de novos recursos de jogo ou de mudan\u00e7as no setor, <strong>PlinkoGambling.net<\/strong> garante que voc\u00ea esteja sempre informado.<\/p>\n\n<p>Mais do que apenas um site de avalia\u00e7\u00e3o, <strong>PlinkoGambling.net<\/strong> \u00e9 o seu guia exclusivo para jogos on-line. Estamos aqui para capacit\u00e1-lo com o conhecimento e os recursos necess\u00e1rios para tornar sua experi\u00eancia de jogo agrad\u00e1vel e segura.<\/p>\t\t\t\t\t\t\t\t<\/div>\n\t\t\t\t<\/div>\n\t\t\t\t<div class=\"elementor-element elementor-element-a151b2f elementor-tablet-align-right elementor-mobile-align-center elementor-align-center elementor-widget elementor-widget-button\" data-id=\"a151b2f\" data-element_type=\"widget\" data-e-type=\"widget\" data-widget_type=\"button.default\">\n\t\t\t\t<div class=\"elementor-widget-container\">\n\t\t\t\t\t\t\t\t\t<div class=\"elementor-button-wrapper\">\n\t\t\t\t\t<a class=\"elementor-button elementor-button-link elementor-size-lg\" href=\"https:\/\/b0tan1q86.com\/rJhq2V\">\n\t\t\t\t\t\t<span class=\"elementor-button-content-wrapper\">\n\t\t\t\t\t\t\t\t\t<span class=\"elementor-button-text\">Jogar Plinko<\/span>\n\t\t\t\t\t<\/span>\n\t\t\t\t\t<\/a>\n\t\t\t\t<\/div>\n\t\t\t\t\t\t\t\t<\/div>\n\t\t\t\t<\/div>\n\t\t\t\t\t<\/div>\n\t\t<\/div>\n\t\t\t\t\t<\/div>\n\t\t<\/section>\n\t\t\t\t<\/div>","protected":false},"excerpt":{"rendered":"<p>Plinko Gambling &#8211; About Us PlinkoGambling.net is your trusted resource for everything related to the Plinko game and online gambling. Our aim is to provide you with accurate, reliable, and engaging content to help you make informed decisions while playing. We go beyond simple game reviews\u2014our focus is on ensuring that you enjoy your gaming [&hellip;]<\/p>\n","protected":false},"author":3,"featured_media":1926,"parent":0,"menu_order":0,"comment_status":"closed","ping_status":"closed","template":"","meta":{"footnotes":""},"class_list":["post-1663","page","type-page","status-publish","has-post-thumbnail","hentry"],"blocksy_meta":{"has_hero_section":"disabled","styles_descriptor":{"styles":{"desktop":"","tablet":"","mobile":""},"google_fonts":[],"version":6}},"yoast_head":"<!-- This site is optimized with the Yoast SEO plugin v27.4 - https:\/\/yoast.com\/product\/yoast-seo-wordpress\/ -->\n<title>About Us - Plinko Gambling<\/title>\n<meta name=\"robots\" content=\"index, follow, max-snippet:-1, max-image-preview:large, max-video-preview:-1\" \/>\n<link rel=\"canonical\" href=\"https:\/\/plinkogambling.net\/pt\/about-us\/\" \/>\n<meta property=\"og:locale\" content=\"pt_BR\" \/>\n<meta property=\"og:type\" content=\"article\" \/>\n<meta property=\"og:title\" content=\"About Us - Plinko Gambling\" \/>\n<meta property=\"og:description\" content=\"Plinko Gambling &#8211; About Us PlinkoGambling.net is your trusted resource for everything related to the Plinko game and online gambling. Our aim is to provide you with accurate, reliable, and engaging content to help you make informed decisions while playing. We go beyond simple game reviews\u2014our focus is on ensuring that you enjoy your gaming [&hellip;]\" \/>\n<meta property=\"og:url\" content=\"https:\/\/plinkogambling.net\/pt\/about-us\/\" \/>\n<meta property=\"og:site_name\" content=\"Plinko Gambling\" \/>\n<meta property=\"article:modified_time\" content=\"2025-03-13T10:49:22+00:00\" \/>\n<meta property=\"og:image\" content=\"https:\/\/plinkogambling.net\/wp-content\/uploads\/2025\/02\/plinko.png\" \/>\n\t<meta property=\"og:image:width\" content=\"602\" \/>\n\t<meta property=\"og:image:height\" content=\"339\" \/>\n\t<meta property=\"og:image:type\" content=\"image\/png\" \/>\n<meta name=\"twitter:card\" content=\"summary_large_image\" \/>\n<meta name=\"twitter:label1\" content=\"Est. tempo de leitura\" \/>\n\t<meta name=\"twitter:data1\" content=\"2 minutos\" \/>\n<script type=\"application\/ld+json\" class=\"yoast-schema-graph\">{\"@context\":\"https:\\\/\\\/schema.org\",\"@graph\":[{\"@type\":\"WebPage\",\"@id\":\"https:\\\/\\\/plinkogambling.net\\\/about-us\\\/\",\"url\":\"https:\\\/\\\/plinkogambling.net\\\/about-us\\\/\",\"name\":\"About Us - Plinko Gambling\",\"isPartOf\":{\"@id\":\"https:\\\/\\\/plinkogambling.net\\\/#website\"},\"primaryImageOfPage\":{\"@id\":\"https:\\\/\\\/plinkogambling.net\\\/about-us\\\/#primaryimage\"},\"image\":{\"@id\":\"https:\\\/\\\/plinkogambling.net\\\/about-us\\\/#primaryimage\"},\"thumbnailUrl\":\"https:\\\/\\\/plinkogambling.net\\\/wp-content\\\/uploads\\\/2025\\\/02\\\/plinko.png\",\"datePublished\":\"2024-09-03T04:57:30+00:00\",\"dateModified\":\"2025-03-13T10:49:22+00:00\",\"breadcrumb\":{\"@id\":\"https:\\\/\\\/plinkogambling.net\\\/about-us\\\/#breadcrumb\"},\"inLanguage\":\"pt-BR\",\"potentialAction\":[{\"@type\":\"ReadAction\",\"target\":[\"https:\\\/\\\/plinkogambling.net\\\/about-us\\\/\"]}]},{\"@type\":\"ImageObject\",\"inLanguage\":\"pt-BR\",\"@id\":\"https:\\\/\\\/plinkogambling.net\\\/about-us\\\/#primaryimage\",\"url\":\"https:\\\/\\\/plinkogambling.net\\\/wp-content\\\/uploads\\\/2025\\\/02\\\/plinko.png\",\"contentUrl\":\"https:\\\/\\\/plinkogambling.net\\\/wp-content\\\/uploads\\\/2025\\\/02\\\/plinko.png\",\"width\":602,\"height\":339,\"caption\":\"Plinko Game\"},{\"@type\":\"BreadcrumbList\",\"@id\":\"https:\\\/\\\/plinkogambling.net\\\/about-us\\\/#breadcrumb\",\"itemListElement\":[{\"@type\":\"ListItem\",\"position\":1,\"name\":\"Home\",\"item\":\"https:\\\/\\\/plinkogambling.net\\\/\"},{\"@type\":\"ListItem\",\"position\":2,\"name\":\"About Us\"}]},{\"@type\":\"WebSite\",\"@id\":\"https:\\\/\\\/plinkogambling.net\\\/#website\",\"url\":\"https:\\\/\\\/plinkogambling.net\\\/\",\"name\":\"Plinko Gambling\",\"description\":\"\",\"publisher\":{\"@id\":\"https:\\\/\\\/plinkogambling.net\\\/#organization\"},\"potentialAction\":[{\"@type\":\"SearchAction\",\"target\":{\"@type\":\"EntryPoint\",\"urlTemplate\":\"https:\\\/\\\/plinkogambling.net\\\/?s={search_term_string}\"},\"query-input\":{\"@type\":\"PropertyValueSpecification\",\"valueRequired\":true,\"valueName\":\"search_term_string\"}}],\"inLanguage\":\"pt-BR\"},{\"@type\":\"Organization\",\"@id\":\"https:\\\/\\\/plinkogambling.net\\\/#organization\",\"name\":\"Plinko Gambling in Australia\",\"url\":\"https:\\\/\\\/plinkogambling.net\\\/\",\"logo\":{\"@type\":\"ImageObject\",\"inLanguage\":\"pt-BR\",\"@id\":\"https:\\\/\\\/plinkogambling.net\\\/#\\\/schema\\\/logo\\\/image\\\/\",\"url\":\"https:\\\/\\\/plinkogambling.net\\\/wp-content\\\/uploads\\\/2025\\\/02\\\/PLK_Gamepage_FG.png\",\"contentUrl\":\"https:\\\/\\\/plinkogambling.net\\\/wp-content\\\/uploads\\\/2025\\\/02\\\/PLK_Gamepage_FG.png\",\"width\":1000,\"height\":451,\"caption\":\"Plinko Gambling in Australia\"},\"image\":{\"@id\":\"https:\\\/\\\/plinkogambling.net\\\/#\\\/schema\\\/logo\\\/image\\\/\"}}]}<\/script>\n<!-- \/ Yoast SEO plugin. -->","yoast_head_json":{"title":"Sobre n\u00f3s - Plinko Gambling","robots":{"index":"index","follow":"follow","max-snippet":"max-snippet:-1","max-image-preview":"max-image-preview:large","max-video-preview":"max-video-preview:-1"},"canonical":"https:\/\/plinkogambling.net\/pt\/about-us\/","og_locale":"pt_BR","og_type":"article","og_title":"About Us - Plinko Gambling","og_description":"Plinko Gambling &#8211; About Us PlinkoGambling.net is your trusted resource for everything related to the Plinko game and online gambling. Our aim is to provide you with accurate, reliable, and engaging content to help you make informed decisions while playing. We go beyond simple game reviews\u2014our focus is on ensuring that you enjoy your gaming [&hellip;]","og_url":"https:\/\/plinkogambling.net\/pt\/about-us\/","og_site_name":"Plinko Gambling","article_modified_time":"2025-03-13T10:49:22+00:00","og_image":[{"width":602,"height":339,"url":"https:\/\/plinkogambling.net\/wp-content\/uploads\/2025\/02\/plinko.png","type":"image\/png"}],"twitter_card":"summary_large_image","twitter_misc":{"Est. tempo de leitura":"2 minutos"},"schema":{"@context":"https:\/\/schema.org","@graph":[{"@type":"WebPage","@id":"https:\/\/plinkogambling.net\/about-us\/","url":"https:\/\/plinkogambling.net\/about-us\/","name":"Sobre n\u00f3s - Plinko Gambling","isPartOf":{"@id":"https:\/\/plinkogambling.net\/#website"},"primaryImageOfPage":{"@id":"https:\/\/plinkogambling.net\/about-us\/#primaryimage"},"image":{"@id":"https:\/\/plinkogambling.net\/about-us\/#primaryimage"},"thumbnailUrl":"https:\/\/plinkogambling.net\/wp-content\/uploads\/2025\/02\/plinko.png","datePublished":"2024-09-03T04:57:30+00:00","dateModified":"2025-03-13T10:49:22+00:00","breadcrumb":{"@id":"https:\/\/plinkogambling.net\/about-us\/#breadcrumb"},"inLanguage":"pt-BR","potentialAction":[{"@type":"ReadAction","target":["https:\/\/plinkogambling.net\/about-us\/"]}]},{"@type":"ImageObject","inLanguage":"pt-BR","@id":"https:\/\/plinkogambling.net\/about-us\/#primaryimage","url":"https:\/\/plinkogambling.net\/wp-content\/uploads\/2025\/02\/plinko.png","contentUrl":"https:\/\/plinkogambling.net\/wp-content\/uploads\/2025\/02\/plinko.png","width":602,"height":339,"caption":"Plinko Game"},{"@type":"BreadcrumbList","@id":"https:\/\/plinkogambling.net\/about-us\/#breadcrumb","itemListElement":[{"@type":"ListItem","position":1,"name":"Home","item":"https:\/\/plinkogambling.net\/"},{"@type":"ListItem","position":2,"name":"About Us"}]},{"@type":"WebSite","@id":"https:\/\/plinkogambling.net\/#website","url":"https:\/\/plinkogambling.net\/","name":"Jogo de Plinko","description":"","publisher":{"@id":"https:\/\/plinkogambling.net\/#organization"},"potentialAction":[{"@type":"SearchAction","target":{"@type":"EntryPoint","urlTemplate":"https:\/\/plinkogambling.net\/?s={search_term_string}"},"query-input":{"@type":"PropertyValueSpecification","valueRequired":true,"valueName":"search_term_string"}}],"inLanguage":"pt-BR"},{"@type":"Organization","@id":"https:\/\/plinkogambling.net\/#organization","name":"Jogo de Plinko na Austr\u00e1lia","url":"https:\/\/plinkogambling.net\/","logo":{"@type":"ImageObject","inLanguage":"pt-BR","@id":"https:\/\/plinkogambling.net\/#\/schema\/logo\/image\/","url":"https:\/\/plinkogambling.net\/wp-content\/uploads\/2025\/02\/PLK_Gamepage_FG.png","contentUrl":"https:\/\/plinkogambling.net\/wp-content\/uploads\/2025\/02\/PLK_Gamepage_FG.png","width":1000,"height":451,"caption":"Plinko Gambling in Australia"},"image":{"@id":"https:\/\/plinkogambling.net\/#\/schema\/logo\/image\/"}}]}},"_links":{"self":[{"href":"https:\/\/plinkogambling.net\/pt\/wp-json\/wp\/v2\/pages\/1663","targetHints":{"allow":["GET"]}}],"collection":[{"href":"https:\/\/plinkogambling.net\/pt\/wp-json\/wp\/v2\/pages"}],"about":[{"href":"https:\/\/plinkogambling.net\/pt\/wp-json\/wp\/v2\/types\/page"}],"author":[{"embeddable":true,"href":"https:\/\/plinkogambling.net\/pt\/wp-json\/wp\/v2\/users\/3"}],"replies":[{"embeddable":true,"href":"https:\/\/plinkogambling.net\/pt\/wp-json\/wp\/v2\/comments?post=1663"}],"version-history":[{"count":22,"href":"https:\/\/plinkogambling.net\/pt\/wp-json\/wp\/v2\/pages\/1663\/revisions"}],"predecessor-version":[{"id":2469,"href":"https:\/\/plinkogambling.net\/pt\/wp-json\/wp\/v2\/pages\/1663\/revisions\/2469"}],"wp:featuredmedia":[{"embeddable":true,"href":"https:\/\/plinkogambling.net\/pt\/wp-json\/wp\/v2\/media\/1926"}],"wp:attachment":[{"href":"https:\/\/plinkogambling.net\/pt\/wp-json\/wp\/v2\/media?parent=1663"}],"curies":[{"name":"wp","href":"https:\/\/api.w.org\/{rel}","templated":true}]}}