{"id":1663,"date":"2024-09-03T04:57:30","date_gmt":"2024-09-03T04:57:30","guid":{"rendered":"https:\/\/plinkogambling.net\/?page_id=1663"},"modified":"2025-03-13T10:49:22","modified_gmt":"2025-03-13T10:49:22","slug":"about-us","status":"publish","type":"page","link":"https:\/\/plinkogambling.net\/pl\/about-us\/","title":{"rendered":"O nas"},"content":{"rendered":"<div data-elementor-type=\"wp-page\" data-elementor-id=\"1663\" class=\"elementor elementor-1663\">\n\t\t\t\t\t\t<section class=\"elementor-section elementor-top-section elementor-element elementor-element-a9534d0 elementor-section-boxed elementor-section-height-default elementor-section-height-default\" data-id=\"a9534d0\" data-element_type=\"section\" data-e-type=\"section\">\n\t\t\t\t\t\t<div class=\"elementor-container elementor-column-gap-default\">\n\t\t\t\t\t<div class=\"elementor-column elementor-col-100 elementor-top-column elementor-element elementor-element-af7209e\" data-id=\"af7209e\" data-element_type=\"column\" data-e-type=\"column\">\n\t\t\t<div class=\"elementor-widget-wrap elementor-element-populated\">\n\t\t\t\t\t\t<div class=\"elementor-element elementor-element-5c5e1a0 elementor-widget elementor-widget-spacer\" data-id=\"5c5e1a0\" data-element_type=\"widget\" data-e-type=\"widget\" data-widget_type=\"spacer.default\">\n\t\t\t\t<div class=\"elementor-widget-container\">\n\t\t\t\t\t\t\t<div class=\"elementor-spacer\">\n\t\t\t<div class=\"elementor-spacer-inner\"><\/div>\n\t\t<\/div>\n\t\t\t\t\t\t<\/div>\n\t\t\t\t<\/div>\n\t\t\t\t<div class=\"elementor-element elementor-element-000767e elementor-widget elementor-widget-heading\" data-id=\"000767e\" data-element_type=\"widget\" data-e-type=\"widget\" data-widget_type=\"heading.default\">\n\t\t\t\t<div class=\"elementor-widget-container\">\n\t\t\t\t\t<h1 class=\"elementor-heading-title elementor-size-default\">Plinko Gambling - O nas<\/h1>\t\t\t\t<\/div>\n\t\t\t\t<\/div>\n\t\t\t\t<div class=\"elementor-element elementor-element-9b21098 elementor-widget elementor-widget-text-editor\" data-id=\"9b21098\" data-element_type=\"widget\" data-e-type=\"widget\" data-widget_type=\"text-editor.default\">\n\t\t\t\t<div class=\"elementor-widget-container\">\n\t\t\t\t\t\t\t\t\t<p><strong>PlinkoGambling.net<\/strong> to zaufane \u017ar\u00f3d\u0142o informacji na temat gry Plinko i hazardu online. Naszym celem jest dostarczanie dok\u0142adnych, wiarygodnych i wci\u0105gaj\u0105cych tre\u015bci, kt\u00f3re pomog\u0105 ci podejmowa\u0107 \u015bwiadome decyzje podczas gry.<\/p>\n\n<p>Wykraczamy poza zwyk\u0142e recenzje gier - skupiamy si\u0119 na zapewnieniu, \u017ce b\u0119dziesz cieszy\u0107 si\u0119 gr\u0105 w spos\u00f3b odpowiedzialny. Niezale\u017cnie od tego, czy dopiero zaczynasz przygod\u0119 z Plinko, czy jeste\u015b do\u015bwiadczonym graczem, zapewniamy cenne informacje, kt\u00f3re pomog\u0105 ci gra\u0107 bezpiecznie i odpowiedzialnie. Nasze tre\u015bci s\u0105 zaprojektowane tak, aby by\u0142y zar\u00f3wno pouczaj\u0105ce, jak i przyjemne, daj\u0105c ci wszystkie szczeg\u00f3\u0142y, kt\u00f3rych potrzebujesz, aby jak najlepiej wykorzysta\u0107 swoj\u0105 rozgrywk\u0119.<\/p>\n\n<p>The <strong>PlinkoGambling.net<\/strong> sk\u0142ada si\u0119 z ekspert\u00f3w z wieloletnim do\u015bwiadczeniem w \u015bwiecie gier online. Naszym celem jest dostarczanie tre\u015bci, kt\u00f3re s\u0105 \u0142atwe do zrozumienia, dzi\u0119ki czemu mo\u017cesz \u015bmia\u0142o dokonywa\u0107 najlepszych wybor\u00f3w, je\u015bli chodzi o Plinko i inne popularne gry online.<\/p>\n\n<p>Przejrzysto\u015b\u0107 i uczciwo\u015b\u0107 maj\u0105 dla nas fundamentalne znaczenie. Nasze recenzje s\u0105 obiektywne i bezstronne, dostarczaj\u0105c uczciwych spostrze\u017ce\u0144, kt\u00f3re pomog\u0105 ci porusza\u0107 si\u0119 po \u015bwiecie gier online. Upewniamy si\u0119, \u017ce informacje, kt\u00f3re tu znajdziesz, s\u0105 proste i godne zaufania.<\/p>\n\n<p>Rynek gier online stale ewoluuje, a my jeste\u015bmy na bie\u017c\u0105co z najnowszymi trendami, aktualizacjami i funkcjami zwi\u0105zanymi z Plinko. Niezale\u017cnie od tego, czy chodzi o nowe funkcje rozgrywki, czy zmiany w bran\u017cy, <strong>PlinkoGambling.net<\/strong> zapewnia, \u017ce zawsze jeste\u015b na bie\u017c\u0105co.<\/p>\n\n<p>Wi\u0119cej ni\u017c tylko strona z recenzjami, <strong>PlinkoGambling.net<\/strong> to przewodnik po grach online. Jeste\u015bmy tutaj, aby zapewni\u0107 ci wiedz\u0119 i zasoby, kt\u00f3rych potrzebujesz, aby twoje wra\u017cenia z gry by\u0142y zar\u00f3wno przyjemne, jak i bezpieczne.<\/p>\t\t\t\t\t\t\t\t<\/div>\n\t\t\t\t<\/div>\n\t\t\t\t<div class=\"elementor-element elementor-element-a151b2f elementor-tablet-align-right elementor-mobile-align-center elementor-align-center elementor-widget elementor-widget-button\" data-id=\"a151b2f\" data-element_type=\"widget\" data-e-type=\"widget\" data-widget_type=\"button.default\">\n\t\t\t\t<div class=\"elementor-widget-container\">\n\t\t\t\t\t\t\t\t\t<div class=\"elementor-button-wrapper\">\n\t\t\t\t\t<a class=\"elementor-button elementor-button-link elementor-size-lg\" href=\"https:\/\/b0tan1q86.com\/rJhq2V\">\n\t\t\t\t\t\t<span class=\"elementor-button-content-wrapper\">\n\t\t\t\t\t\t\t\t\t<span class=\"elementor-button-text\">Zagraj w Plinko<\/span>\n\t\t\t\t\t<\/span>\n\t\t\t\t\t<\/a>\n\t\t\t\t<\/div>\n\t\t\t\t\t\t\t\t<\/div>\n\t\t\t\t<\/div>\n\t\t\t\t\t<\/div>\n\t\t<\/div>\n\t\t\t\t\t<\/div>\n\t\t<\/section>\n\t\t\t\t<\/div>","protected":false},"excerpt":{"rendered":"<p>Plinko Gambling &#8211; About Us PlinkoGambling.net is your trusted resource for everything related to the Plinko game and online gambling. Our aim is to provide you with accurate, reliable, and engaging content to help you make informed decisions while playing. We go beyond simple game reviews\u2014our focus is on ensuring that you enjoy your gaming [&hellip;]<\/p>\n","protected":false},"author":3,"featured_media":1926,"parent":0,"menu_order":0,"comment_status":"closed","ping_status":"closed","template":"","meta":{"footnotes":""},"class_list":["post-1663","page","type-page","status-publish","has-post-thumbnail","hentry"],"blocksy_meta":{"has_hero_section":"disabled","styles_descriptor":{"styles":{"desktop":"","tablet":"","mobile":""},"google_fonts":[],"version":6}},"yoast_head":"<!-- This site is optimized with the Yoast SEO plugin v27.4 - https:\/\/yoast.com\/product\/yoast-seo-wordpress\/ -->\n<title>About Us - Plinko Gambling<\/title>\n<meta name=\"robots\" content=\"index, follow, max-snippet:-1, max-image-preview:large, max-video-preview:-1\" \/>\n<link rel=\"canonical\" href=\"https:\/\/plinkogambling.net\/pl\/about-us\/\" \/>\n<meta property=\"og:locale\" content=\"pl_PL\" \/>\n<meta property=\"og:type\" content=\"article\" \/>\n<meta property=\"og:title\" content=\"About Us - Plinko Gambling\" \/>\n<meta property=\"og:description\" content=\"Plinko Gambling &#8211; About Us PlinkoGambling.net is your trusted resource for everything related to the Plinko game and online gambling. Our aim is to provide you with accurate, reliable, and engaging content to help you make informed decisions while playing. We go beyond simple game reviews\u2014our focus is on ensuring that you enjoy your gaming [&hellip;]\" \/>\n<meta property=\"og:url\" content=\"https:\/\/plinkogambling.net\/pl\/about-us\/\" \/>\n<meta property=\"og:site_name\" content=\"Plinko Gambling\" \/>\n<meta property=\"article:modified_time\" content=\"2025-03-13T10:49:22+00:00\" \/>\n<meta property=\"og:image\" content=\"https:\/\/plinkogambling.net\/wp-content\/uploads\/2025\/02\/plinko.png\" \/>\n\t<meta property=\"og:image:width\" content=\"602\" \/>\n\t<meta property=\"og:image:height\" content=\"339\" \/>\n\t<meta property=\"og:image:type\" content=\"image\/png\" \/>\n<meta name=\"twitter:card\" content=\"summary_large_image\" \/>\n<meta name=\"twitter:label1\" content=\"Szacowany czas czytania\" \/>\n\t<meta name=\"twitter:data1\" content=\"2 minuty\" \/>\n<script type=\"application\/ld+json\" class=\"yoast-schema-graph\">{\"@context\":\"https:\\\/\\\/schema.org\",\"@graph\":[{\"@type\":\"WebPage\",\"@id\":\"https:\\\/\\\/plinkogambling.net\\\/about-us\\\/\",\"url\":\"https:\\\/\\\/plinkogambling.net\\\/about-us\\\/\",\"name\":\"About Us - Plinko Gambling\",\"isPartOf\":{\"@id\":\"https:\\\/\\\/plinkogambling.net\\\/#website\"},\"primaryImageOfPage\":{\"@id\":\"https:\\\/\\\/plinkogambling.net\\\/about-us\\\/#primaryimage\"},\"image\":{\"@id\":\"https:\\\/\\\/plinkogambling.net\\\/about-us\\\/#primaryimage\"},\"thumbnailUrl\":\"https:\\\/\\\/plinkogambling.net\\\/wp-content\\\/uploads\\\/2025\\\/02\\\/plinko.png\",\"datePublished\":\"2024-09-03T04:57:30+00:00\",\"dateModified\":\"2025-03-13T10:49:22+00:00\",\"breadcrumb\":{\"@id\":\"https:\\\/\\\/plinkogambling.net\\\/about-us\\\/#breadcrumb\"},\"inLanguage\":\"pl-PL\",\"potentialAction\":[{\"@type\":\"ReadAction\",\"target\":[\"https:\\\/\\\/plinkogambling.net\\\/about-us\\\/\"]}]},{\"@type\":\"ImageObject\",\"inLanguage\":\"pl-PL\",\"@id\":\"https:\\\/\\\/plinkogambling.net\\\/about-us\\\/#primaryimage\",\"url\":\"https:\\\/\\\/plinkogambling.net\\\/wp-content\\\/uploads\\\/2025\\\/02\\\/plinko.png\",\"contentUrl\":\"https:\\\/\\\/plinkogambling.net\\\/wp-content\\\/uploads\\\/2025\\\/02\\\/plinko.png\",\"width\":602,\"height\":339,\"caption\":\"Plinko Game\"},{\"@type\":\"BreadcrumbList\",\"@id\":\"https:\\\/\\\/plinkogambling.net\\\/about-us\\\/#breadcrumb\",\"itemListElement\":[{\"@type\":\"ListItem\",\"position\":1,\"name\":\"Home\",\"item\":\"https:\\\/\\\/plinkogambling.net\\\/\"},{\"@type\":\"ListItem\",\"position\":2,\"name\":\"About Us\"}]},{\"@type\":\"WebSite\",\"@id\":\"https:\\\/\\\/plinkogambling.net\\\/#website\",\"url\":\"https:\\\/\\\/plinkogambling.net\\\/\",\"name\":\"Plinko Gambling\",\"description\":\"\",\"publisher\":{\"@id\":\"https:\\\/\\\/plinkogambling.net\\\/#organization\"},\"potentialAction\":[{\"@type\":\"SearchAction\",\"target\":{\"@type\":\"EntryPoint\",\"urlTemplate\":\"https:\\\/\\\/plinkogambling.net\\\/?s={search_term_string}\"},\"query-input\":{\"@type\":\"PropertyValueSpecification\",\"valueRequired\":true,\"valueName\":\"search_term_string\"}}],\"inLanguage\":\"pl-PL\"},{\"@type\":\"Organization\",\"@id\":\"https:\\\/\\\/plinkogambling.net\\\/#organization\",\"name\":\"Plinko Gambling in Australia\",\"url\":\"https:\\\/\\\/plinkogambling.net\\\/\",\"logo\":{\"@type\":\"ImageObject\",\"inLanguage\":\"pl-PL\",\"@id\":\"https:\\\/\\\/plinkogambling.net\\\/#\\\/schema\\\/logo\\\/image\\\/\",\"url\":\"https:\\\/\\\/plinkogambling.net\\\/wp-content\\\/uploads\\\/2025\\\/02\\\/PLK_Gamepage_FG.png\",\"contentUrl\":\"https:\\\/\\\/plinkogambling.net\\\/wp-content\\\/uploads\\\/2025\\\/02\\\/PLK_Gamepage_FG.png\",\"width\":1000,\"height\":451,\"caption\":\"Plinko Gambling in Australia\"},\"image\":{\"@id\":\"https:\\\/\\\/plinkogambling.net\\\/#\\\/schema\\\/logo\\\/image\\\/\"}}]}<\/script>\n<!-- \/ Yoast SEO plugin. -->","yoast_head_json":{"title":"O nas - Plinko Gambling","robots":{"index":"index","follow":"follow","max-snippet":"max-snippet:-1","max-image-preview":"max-image-preview:large","max-video-preview":"max-video-preview:-1"},"canonical":"https:\/\/plinkogambling.net\/pl\/about-us\/","og_locale":"pl_PL","og_type":"article","og_title":"About Us - Plinko Gambling","og_description":"Plinko Gambling &#8211; About Us PlinkoGambling.net is your trusted resource for everything related to the Plinko game and online gambling. Our aim is to provide you with accurate, reliable, and engaging content to help you make informed decisions while playing. We go beyond simple game reviews\u2014our focus is on ensuring that you enjoy your gaming [&hellip;]","og_url":"https:\/\/plinkogambling.net\/pl\/about-us\/","og_site_name":"Plinko Gambling","article_modified_time":"2025-03-13T10:49:22+00:00","og_image":[{"width":602,"height":339,"url":"https:\/\/plinkogambling.net\/wp-content\/uploads\/2025\/02\/plinko.png","type":"image\/png"}],"twitter_card":"summary_large_image","twitter_misc":{"Szacowany czas czytania":"2 minuty"},"schema":{"@context":"https:\/\/schema.org","@graph":[{"@type":"WebPage","@id":"https:\/\/plinkogambling.net\/about-us\/","url":"https:\/\/plinkogambling.net\/about-us\/","name":"O nas - Plinko Gambling","isPartOf":{"@id":"https:\/\/plinkogambling.net\/#website"},"primaryImageOfPage":{"@id":"https:\/\/plinkogambling.net\/about-us\/#primaryimage"},"image":{"@id":"https:\/\/plinkogambling.net\/about-us\/#primaryimage"},"thumbnailUrl":"https:\/\/plinkogambling.net\/wp-content\/uploads\/2025\/02\/plinko.png","datePublished":"2024-09-03T04:57:30+00:00","dateModified":"2025-03-13T10:49:22+00:00","breadcrumb":{"@id":"https:\/\/plinkogambling.net\/about-us\/#breadcrumb"},"inLanguage":"pl-PL","potentialAction":[{"@type":"ReadAction","target":["https:\/\/plinkogambling.net\/about-us\/"]}]},{"@type":"ImageObject","inLanguage":"pl-PL","@id":"https:\/\/plinkogambling.net\/about-us\/#primaryimage","url":"https:\/\/plinkogambling.net\/wp-content\/uploads\/2025\/02\/plinko.png","contentUrl":"https:\/\/plinkogambling.net\/wp-content\/uploads\/2025\/02\/plinko.png","width":602,"height":339,"caption":"Plinko Game"},{"@type":"BreadcrumbList","@id":"https:\/\/plinkogambling.net\/about-us\/#breadcrumb","itemListElement":[{"@type":"ListItem","position":1,"name":"Home","item":"https:\/\/plinkogambling.net\/"},{"@type":"ListItem","position":2,"name":"About Us"}]},{"@type":"WebSite","@id":"https:\/\/plinkogambling.net\/#website","url":"https:\/\/plinkogambling.net\/","name":"Hazard Plinko","description":"","publisher":{"@id":"https:\/\/plinkogambling.net\/#organization"},"potentialAction":[{"@type":"SearchAction","target":{"@type":"EntryPoint","urlTemplate":"https:\/\/plinkogambling.net\/?s={search_term_string}"},"query-input":{"@type":"PropertyValueSpecification","valueRequired":true,"valueName":"search_term_string"}}],"inLanguage":"pl-PL"},{"@type":"Organization","@id":"https:\/\/plinkogambling.net\/#organization","name":"Hazard Plinko w Australii","url":"https:\/\/plinkogambling.net\/","logo":{"@type":"ImageObject","inLanguage":"pl-PL","@id":"https:\/\/plinkogambling.net\/#\/schema\/logo\/image\/","url":"https:\/\/plinkogambling.net\/wp-content\/uploads\/2025\/02\/PLK_Gamepage_FG.png","contentUrl":"https:\/\/plinkogambling.net\/wp-content\/uploads\/2025\/02\/PLK_Gamepage_FG.png","width":1000,"height":451,"caption":"Plinko Gambling in Australia"},"image":{"@id":"https:\/\/plinkogambling.net\/#\/schema\/logo\/image\/"}}]}},"_links":{"self":[{"href":"https:\/\/plinkogambling.net\/pl\/wp-json\/wp\/v2\/pages\/1663","targetHints":{"allow":["GET"]}}],"collection":[{"href":"https:\/\/plinkogambling.net\/pl\/wp-json\/wp\/v2\/pages"}],"about":[{"href":"https:\/\/plinkogambling.net\/pl\/wp-json\/wp\/v2\/types\/page"}],"author":[{"embeddable":true,"href":"https:\/\/plinkogambling.net\/pl\/wp-json\/wp\/v2\/users\/3"}],"replies":[{"embeddable":true,"href":"https:\/\/plinkogambling.net\/pl\/wp-json\/wp\/v2\/comments?post=1663"}],"version-history":[{"count":22,"href":"https:\/\/plinkogambling.net\/pl\/wp-json\/wp\/v2\/pages\/1663\/revisions"}],"predecessor-version":[{"id":2469,"href":"https:\/\/plinkogambling.net\/pl\/wp-json\/wp\/v2\/pages\/1663\/revisions\/2469"}],"wp:featuredmedia":[{"embeddable":true,"href":"https:\/\/plinkogambling.net\/pl\/wp-json\/wp\/v2\/media\/1926"}],"wp:attachment":[{"href":"https:\/\/plinkogambling.net\/pl\/wp-json\/wp\/v2\/media?parent=1663"}],"curies":[{"name":"wp","href":"https:\/\/api.w.org\/{rel}","templated":true}]}}