{"id":1655,"date":"2024-09-03T04:49:27","date_gmt":"2024-09-03T04:49:27","guid":{"rendered":"https:\/\/plinkogambling.net\/?page_id=1655"},"modified":"2025-03-13T13:03:18","modified_gmt":"2025-03-13T13:03:18","slug":"contact-us","status":"publish","type":"page","link":"https:\/\/plinkogambling.net\/pl\/contact-us\/","title":{"rendered":"Kontakt"},"content":{"rendered":"<div data-elementor-type=\"wp-page\" data-elementor-id=\"1655\" class=\"elementor elementor-1655\">\n\t\t\t\t\t\t<section class=\"elementor-section elementor-top-section elementor-element elementor-element-d01bae5 elementor-section-boxed elementor-section-height-default elementor-section-height-default\" data-id=\"d01bae5\" data-element_type=\"section\" data-e-type=\"section\">\n\t\t\t\t\t\t<div class=\"elementor-container elementor-column-gap-default\">\n\t\t\t\t\t<div class=\"elementor-column elementor-col-100 elementor-top-column elementor-element elementor-element-d1db276\" data-id=\"d1db276\" data-element_type=\"column\" data-e-type=\"column\">\n\t\t\t<div class=\"elementor-widget-wrap elementor-element-populated\">\n\t\t\t\t\t\t<div class=\"elementor-element elementor-element-ca59d75 elementor-widget elementor-widget-spacer\" data-id=\"ca59d75\" data-element_type=\"widget\" data-e-type=\"widget\" data-widget_type=\"spacer.default\">\n\t\t\t\t<div class=\"elementor-widget-container\">\n\t\t\t\t\t\t\t<div class=\"elementor-spacer\">\n\t\t\t<div class=\"elementor-spacer-inner\"><\/div>\n\t\t<\/div>\n\t\t\t\t\t\t<\/div>\n\t\t\t\t<\/div>\n\t\t\t\t<div class=\"elementor-element elementor-element-9a0b4f0 elementor-widget elementor-widget-heading\" data-id=\"9a0b4f0\" data-element_type=\"widget\" data-e-type=\"widget\" data-widget_type=\"heading.default\">\n\t\t\t\t<div class=\"elementor-widget-container\">\n\t\t\t\t\t<h1 class=\"elementor-heading-title elementor-size-default\">Skontaktuj si\u0119 z PlinkoGambling<\/h1>\t\t\t\t<\/div>\n\t\t\t\t<\/div>\n\t\t\t\t<div class=\"elementor-element elementor-element-2fb01ef elementor-widget elementor-widget-text-editor\" data-id=\"2fb01ef\" data-element_type=\"widget\" data-e-type=\"widget\" data-widget_type=\"text-editor.default\">\n\t\t\t\t<div class=\"elementor-widget-container\">\n\t\t\t\t\t\t\t\t\t<p>Przy <strong>PlinkoGambling.net<\/strong>Cenimy Twoje opinie i wierzymy, \u017ce s\u0105 one niezb\u0119dne do ulepszania naszej platformy. Niezale\u017cnie od tego, czy masz pytania, sugestie, czy chcesz podzieli\u0107 si\u0119 swoimi do\u015bwiadczeniami, ch\u0119tnie poznamy Twoj\u0105 opini\u0119. Tw\u00f3j wk\u0142ad pomo\u017ce nam ulepszy\u0107 witryn\u0119 i nadal oferowa\u0107 najlepsze mo\u017cliwe wra\u017cenia dla naszych go\u015bci.<\/p><p>Je\u015bli masz jakie\u015b pomys\u0142y na nowe funkcje lub sposoby, w jakie mo\u017cemy je ulepszy\u0107, nie wahaj si\u0119 z nami skontaktowa\u0107. Dok\u0142adamy wszelkich stara\u0144, aby <strong>PlinkoGambling<\/strong> lepsze dla ka\u017cdego, kto lubi gr\u0119 Plinko.<\/p>\t\t\t\t\t\t\t\t<\/div>\n\t\t\t\t<\/div>\n\t\t\t\t<div class=\"elementor-element elementor-element-73bb88e elementor-widget elementor-widget-heading\" data-id=\"73bb88e\" data-element_type=\"widget\" data-e-type=\"widget\" data-widget_type=\"heading.default\">\n\t\t\t\t<div class=\"elementor-widget-container\">\n\t\t\t\t\t<h3 class=\"elementor-heading-title elementor-size-default\">Jak si\u0119 z nami skontaktowa\u0107<\/h3>\t\t\t\t<\/div>\n\t\t\t\t<\/div>\n\t\t\t\t<div class=\"elementor-element elementor-element-79600a4 elementor-widget elementor-widget-text-editor\" data-id=\"79600a4\" data-element_type=\"widget\" data-e-type=\"widget\" data-widget_type=\"text-editor.default\">\n\t\t\t\t<div class=\"elementor-widget-container\">\n\t\t\t\t\t\t\t\t\t<p>Je\u015bli potrzebujesz pomocy lub masz jakiekolwiek pytania, skontaktuj si\u0119 z nami za po\u015brednictwem poczty elektronicznej pod adresem support@plinkogambling.net. Staramy si\u0119 odpowiada\u0107 na wszystkie zapytania tak szybko, jak to mo\u017cliwe.<\/p><p>Dzi\u0119kujemy za odwiedziny <strong>PlinkoGambling.net<\/strong>! Czekamy na Twoje przemy\u015blenia, sugestie i pytania w ka\u017cdej chwili.<\/p>\t\t\t\t\t\t\t\t<\/div>\n\t\t\t\t<\/div>\n\t\t\t\t\t<\/div>\n\t\t<\/div>\n\t\t\t\t\t<\/div>\n\t\t<\/section>\n\t\t\t\t<\/div>","protected":false},"excerpt":{"rendered":"<p>Get in Touch with PlinkoGambling At PlinkoGambling.net, we value your feedback and believe it\u2019s essential for improving our platform. Whether you have questions, suggestions, or want to share your experience, we\u2019re eager to hear from you. Your input helps us enhance the site and continue offering the best possible experience for our visitors. If you [&hellip;]<\/p>\n","protected":false},"author":3,"featured_media":1538,"parent":0,"menu_order":0,"comment_status":"closed","ping_status":"closed","template":"","meta":{"footnotes":""},"class_list":["post-1655","page","type-page","status-publish","has-post-thumbnail","hentry"],"blocksy_meta":{"has_hero_section":"disabled","styles_descriptor":{"styles":{"desktop":"","tablet":"","mobile":""},"google_fonts":[],"version":6}},"yoast_head":"<!-- This site is optimized with the Yoast SEO plugin v27.4 - https:\/\/yoast.com\/product\/yoast-seo-wordpress\/ -->\n<title>Contact Us - Plinko Gambling<\/title>\n<meta name=\"robots\" content=\"index, follow, max-snippet:-1, max-image-preview:large, max-video-preview:-1\" \/>\n<link rel=\"canonical\" href=\"https:\/\/plinkogambling.net\/pl\/contact-us\/\" \/>\n<meta property=\"og:locale\" content=\"pl_PL\" \/>\n<meta property=\"og:type\" content=\"article\" \/>\n<meta property=\"og:title\" content=\"Contact Us - Plinko Gambling\" \/>\n<meta property=\"og:description\" content=\"Get in Touch with PlinkoGambling At PlinkoGambling.net, we value your feedback and believe it\u2019s essential for improving our platform. Whether you have questions, suggestions, or want to share your experience, we\u2019re eager to hear from you. Your input helps us enhance the site and continue offering the best possible experience for our visitors. If you [&hellip;]\" \/>\n<meta property=\"og:url\" content=\"https:\/\/plinkogambling.net\/pl\/contact-us\/\" \/>\n<meta property=\"og:site_name\" content=\"Plinko Gambling\" \/>\n<meta property=\"article:modified_time\" content=\"2025-03-13T13:03:18+00:00\" \/>\n<meta property=\"og:image\" content=\"https:\/\/plinkogambling.net\/wp-content\/uploads\/2024\/08\/cropped-plinko-online-casino-slot-min.png\" \/>\n\t<meta property=\"og:image:width\" content=\"512\" \/>\n\t<meta property=\"og:image:height\" content=\"512\" \/>\n\t<meta property=\"og:image:type\" content=\"image\/png\" \/>\n<meta name=\"twitter:card\" content=\"summary_large_image\" \/>\n<meta name=\"twitter:label1\" content=\"Szacowany czas czytania\" \/>\n\t<meta name=\"twitter:data1\" content=\"1 minuta\" \/>\n<script type=\"application\/ld+json\" class=\"yoast-schema-graph\">{\"@context\":\"https:\\\/\\\/schema.org\",\"@graph\":[{\"@type\":\"WebPage\",\"@id\":\"https:\\\/\\\/plinkogambling.net\\\/contact-us\\\/\",\"url\":\"https:\\\/\\\/plinkogambling.net\\\/contact-us\\\/\",\"name\":\"Contact Us - Plinko Gambling\",\"isPartOf\":{\"@id\":\"https:\\\/\\\/plinkogambling.net\\\/#website\"},\"primaryImageOfPage\":{\"@id\":\"https:\\\/\\\/plinkogambling.net\\\/contact-us\\\/#primaryimage\"},\"image\":{\"@id\":\"https:\\\/\\\/plinkogambling.net\\\/contact-us\\\/#primaryimage\"},\"thumbnailUrl\":\"https:\\\/\\\/plinkogambling.net\\\/wp-content\\\/uploads\\\/2024\\\/08\\\/cropped-plinko-online-casino-slot-min.png\",\"datePublished\":\"2024-09-03T04:49:27+00:00\",\"dateModified\":\"2025-03-13T13:03:18+00:00\",\"breadcrumb\":{\"@id\":\"https:\\\/\\\/plinkogambling.net\\\/contact-us\\\/#breadcrumb\"},\"inLanguage\":\"pl-PL\",\"potentialAction\":[{\"@type\":\"ReadAction\",\"target\":[\"https:\\\/\\\/plinkogambling.net\\\/contact-us\\\/\"]}]},{\"@type\":\"ImageObject\",\"inLanguage\":\"pl-PL\",\"@id\":\"https:\\\/\\\/plinkogambling.net\\\/contact-us\\\/#primaryimage\",\"url\":\"https:\\\/\\\/plinkogambling.net\\\/wp-content\\\/uploads\\\/2024\\\/08\\\/cropped-plinko-online-casino-slot-min.png\",\"contentUrl\":\"https:\\\/\\\/plinkogambling.net\\\/wp-content\\\/uploads\\\/2024\\\/08\\\/cropped-plinko-online-casino-slot-min.png\",\"width\":512,\"height\":512,\"caption\":\"plinko77\"},{\"@type\":\"BreadcrumbList\",\"@id\":\"https:\\\/\\\/plinkogambling.net\\\/contact-us\\\/#breadcrumb\",\"itemListElement\":[{\"@type\":\"ListItem\",\"position\":1,\"name\":\"Home\",\"item\":\"https:\\\/\\\/plinkogambling.net\\\/\"},{\"@type\":\"ListItem\",\"position\":2,\"name\":\"Contact Us\"}]},{\"@type\":\"WebSite\",\"@id\":\"https:\\\/\\\/plinkogambling.net\\\/#website\",\"url\":\"https:\\\/\\\/plinkogambling.net\\\/\",\"name\":\"Plinko Gambling\",\"description\":\"\",\"publisher\":{\"@id\":\"https:\\\/\\\/plinkogambling.net\\\/#organization\"},\"potentialAction\":[{\"@type\":\"SearchAction\",\"target\":{\"@type\":\"EntryPoint\",\"urlTemplate\":\"https:\\\/\\\/plinkogambling.net\\\/?s={search_term_string}\"},\"query-input\":{\"@type\":\"PropertyValueSpecification\",\"valueRequired\":true,\"valueName\":\"search_term_string\"}}],\"inLanguage\":\"pl-PL\"},{\"@type\":\"Organization\",\"@id\":\"https:\\\/\\\/plinkogambling.net\\\/#organization\",\"name\":\"Plinko Gambling in Australia\",\"url\":\"https:\\\/\\\/plinkogambling.net\\\/\",\"logo\":{\"@type\":\"ImageObject\",\"inLanguage\":\"pl-PL\",\"@id\":\"https:\\\/\\\/plinkogambling.net\\\/#\\\/schema\\\/logo\\\/image\\\/\",\"url\":\"https:\\\/\\\/plinkogambling.net\\\/wp-content\\\/uploads\\\/2025\\\/02\\\/PLK_Gamepage_FG.png\",\"contentUrl\":\"https:\\\/\\\/plinkogambling.net\\\/wp-content\\\/uploads\\\/2025\\\/02\\\/PLK_Gamepage_FG.png\",\"width\":1000,\"height\":451,\"caption\":\"Plinko Gambling in Australia\"},\"image\":{\"@id\":\"https:\\\/\\\/plinkogambling.net\\\/#\\\/schema\\\/logo\\\/image\\\/\"}}]}<\/script>\n<!-- \/ Yoast SEO plugin. -->","yoast_head_json":{"title":"Skontaktuj si\u0119 z nami - Plinko Gambling","robots":{"index":"index","follow":"follow","max-snippet":"max-snippet:-1","max-image-preview":"max-image-preview:large","max-video-preview":"max-video-preview:-1"},"canonical":"https:\/\/plinkogambling.net\/pl\/contact-us\/","og_locale":"pl_PL","og_type":"article","og_title":"Contact Us - Plinko Gambling","og_description":"Get in Touch with PlinkoGambling At PlinkoGambling.net, we value your feedback and believe it\u2019s essential for improving our platform. Whether you have questions, suggestions, or want to share your experience, we\u2019re eager to hear from you. Your input helps us enhance the site and continue offering the best possible experience for our visitors. If you [&hellip;]","og_url":"https:\/\/plinkogambling.net\/pl\/contact-us\/","og_site_name":"Plinko Gambling","article_modified_time":"2025-03-13T13:03:18+00:00","og_image":[{"width":512,"height":512,"url":"https:\/\/plinkogambling.net\/wp-content\/uploads\/2024\/08\/cropped-plinko-online-casino-slot-min.png","type":"image\/png"}],"twitter_card":"summary_large_image","twitter_misc":{"Szacowany czas czytania":"1 minuta"},"schema":{"@context":"https:\/\/schema.org","@graph":[{"@type":"WebPage","@id":"https:\/\/plinkogambling.net\/contact-us\/","url":"https:\/\/plinkogambling.net\/contact-us\/","name":"Skontaktuj si\u0119 z nami - Plinko Gambling","isPartOf":{"@id":"https:\/\/plinkogambling.net\/#website"},"primaryImageOfPage":{"@id":"https:\/\/plinkogambling.net\/contact-us\/#primaryimage"},"image":{"@id":"https:\/\/plinkogambling.net\/contact-us\/#primaryimage"},"thumbnailUrl":"https:\/\/plinkogambling.net\/wp-content\/uploads\/2024\/08\/cropped-plinko-online-casino-slot-min.png","datePublished":"2024-09-03T04:49:27+00:00","dateModified":"2025-03-13T13:03:18+00:00","breadcrumb":{"@id":"https:\/\/plinkogambling.net\/contact-us\/#breadcrumb"},"inLanguage":"pl-PL","potentialAction":[{"@type":"ReadAction","target":["https:\/\/plinkogambling.net\/contact-us\/"]}]},{"@type":"ImageObject","inLanguage":"pl-PL","@id":"https:\/\/plinkogambling.net\/contact-us\/#primaryimage","url":"https:\/\/plinkogambling.net\/wp-content\/uploads\/2024\/08\/cropped-plinko-online-casino-slot-min.png","contentUrl":"https:\/\/plinkogambling.net\/wp-content\/uploads\/2024\/08\/cropped-plinko-online-casino-slot-min.png","width":512,"height":512,"caption":"plinko77"},{"@type":"BreadcrumbList","@id":"https:\/\/plinkogambling.net\/contact-us\/#breadcrumb","itemListElement":[{"@type":"ListItem","position":1,"name":"Home","item":"https:\/\/plinkogambling.net\/"},{"@type":"ListItem","position":2,"name":"Contact Us"}]},{"@type":"WebSite","@id":"https:\/\/plinkogambling.net\/#website","url":"https:\/\/plinkogambling.net\/","name":"Hazard Plinko","description":"","publisher":{"@id":"https:\/\/plinkogambling.net\/#organization"},"potentialAction":[{"@type":"SearchAction","target":{"@type":"EntryPoint","urlTemplate":"https:\/\/plinkogambling.net\/?s={search_term_string}"},"query-input":{"@type":"PropertyValueSpecification","valueRequired":true,"valueName":"search_term_string"}}],"inLanguage":"pl-PL"},{"@type":"Organization","@id":"https:\/\/plinkogambling.net\/#organization","name":"Hazard Plinko w Australii","url":"https:\/\/plinkogambling.net\/","logo":{"@type":"ImageObject","inLanguage":"pl-PL","@id":"https:\/\/plinkogambling.net\/#\/schema\/logo\/image\/","url":"https:\/\/plinkogambling.net\/wp-content\/uploads\/2025\/02\/PLK_Gamepage_FG.png","contentUrl":"https:\/\/plinkogambling.net\/wp-content\/uploads\/2025\/02\/PLK_Gamepage_FG.png","width":1000,"height":451,"caption":"Plinko Gambling in Australia"},"image":{"@id":"https:\/\/plinkogambling.net\/#\/schema\/logo\/image\/"}}]}},"_links":{"self":[{"href":"https:\/\/plinkogambling.net\/pl\/wp-json\/wp\/v2\/pages\/1655","targetHints":{"allow":["GET"]}}],"collection":[{"href":"https:\/\/plinkogambling.net\/pl\/wp-json\/wp\/v2\/pages"}],"about":[{"href":"https:\/\/plinkogambling.net\/pl\/wp-json\/wp\/v2\/types\/page"}],"author":[{"embeddable":true,"href":"https:\/\/plinkogambling.net\/pl\/wp-json\/wp\/v2\/users\/3"}],"replies":[{"embeddable":true,"href":"https:\/\/plinkogambling.net\/pl\/wp-json\/wp\/v2\/comments?post=1655"}],"version-history":[{"count":31,"href":"https:\/\/plinkogambling.net\/pl\/wp-json\/wp\/v2\/pages\/1655\/revisions"}],"predecessor-version":[{"id":2480,"href":"https:\/\/plinkogambling.net\/pl\/wp-json\/wp\/v2\/pages\/1655\/revisions\/2480"}],"wp:featuredmedia":[{"embeddable":true,"href":"https:\/\/plinkogambling.net\/pl\/wp-json\/wp\/v2\/media\/1538"}],"wp:attachment":[{"href":"https:\/\/plinkogambling.net\/pl\/wp-json\/wp\/v2\/media?parent=1655"}],"curies":[{"name":"wp","href":"https:\/\/api.w.org\/{rel}","templated":true}]}}