{"id":1650,"date":"2024-09-03T04:40:48","date_gmt":"2024-09-03T04:40:48","guid":{"rendered":"https:\/\/plinkogambling.net\/?page_id=1650"},"modified":"2025-03-13T10:53:38","modified_gmt":"2025-03-13T10:53:38","slug":"privacy-policy","status":"publish","type":"page","link":"https:\/\/plinkogambling.net\/fr\/privacy-policy\/","title":{"rendered":"Politique de confidentialit\u00e9"},"content":{"rendered":"<div data-elementor-type=\"wp-page\" data-elementor-id=\"1650\" class=\"elementor elementor-1650\">\n\t\t\t\t\t\t<section class=\"elementor-section elementor-top-section elementor-element elementor-element-02df681 elementor-section-boxed elementor-section-height-default elementor-section-height-default\" data-id=\"02df681\" data-element_type=\"section\" data-e-type=\"section\">\n\t\t\t\t\t\t<div class=\"elementor-container elementor-column-gap-default\">\n\t\t\t\t\t<div class=\"elementor-column elementor-col-100 elementor-top-column elementor-element elementor-element-be5bd69\" data-id=\"be5bd69\" data-element_type=\"column\" data-e-type=\"column\">\n\t\t\t<div class=\"elementor-widget-wrap elementor-element-populated\">\n\t\t\t\t\t\t<div class=\"elementor-element elementor-element-af3780e elementor-widget elementor-widget-spacer\" data-id=\"af3780e\" data-element_type=\"widget\" data-e-type=\"widget\" data-widget_type=\"spacer.default\">\n\t\t\t\t<div class=\"elementor-widget-container\">\n\t\t\t\t\t\t\t<div class=\"elementor-spacer\">\n\t\t\t<div class=\"elementor-spacer-inner\"><\/div>\n\t\t<\/div>\n\t\t\t\t\t\t<\/div>\n\t\t\t\t<\/div>\n\t\t\t\t<div class=\"elementor-element elementor-element-0d371d8 elementor-widget elementor-widget-heading\" data-id=\"0d371d8\" data-element_type=\"widget\" data-e-type=\"widget\" data-widget_type=\"heading.default\">\n\t\t\t\t<div class=\"elementor-widget-container\">\n\t\t\t\t\t<h1 class=\"elementor-heading-title elementor-size-default\">Politique de confidentialit\u00e9<\/h1>\t\t\t\t<\/div>\n\t\t\t\t<\/div>\n\t\t\t\t<div class=\"elementor-element elementor-element-01a54e4 elementor-widget elementor-widget-text-editor\" data-id=\"01a54e4\" data-element_type=\"widget\" data-e-type=\"widget\" data-widget_type=\"text-editor.default\">\n\t\t\t\t<div class=\"elementor-widget-container\">\n\t\t\t\t\t\t\t\t\t<p style=\"text-align: left;\">Chez PlinkoGambling.net, votre vie priv\u00e9e est une priorit\u00e9 absolue. Nous nous engageons \u00e0 prot\u00e9ger vos informations personnelles et \u00e0 faire en sorte que votre exp\u00e9rience avec nous soit \u00e0 la fois s\u00fbre et confidentielle. Si vous avez des questions ou des inqui\u00e9tudes concernant le traitement de vos donn\u00e9es, veuillez nous contacter \u00e0 l'adresse support@plinkogambling.net.<\/p>\t\t\t\t\t\t\t\t<\/div>\n\t\t\t\t<\/div>\n\t\t\t\t<div class=\"elementor-element elementor-element-3afefb7 elementor-widget elementor-widget-heading\" data-id=\"3afefb7\" data-element_type=\"widget\" data-e-type=\"widget\" data-widget_type=\"heading.default\">\n\t\t\t\t<div class=\"elementor-widget-container\">\n\t\t\t\t\t<h2 class=\"elementor-heading-title elementor-size-default\">Donn\u00e9es que nous collectons et pourquoi<\/h2>\t\t\t\t<\/div>\n\t\t\t\t<\/div>\n\t\t\t\t<div class=\"elementor-element elementor-element-11610be elementor-widget elementor-widget-text-editor\" data-id=\"11610be\" data-element_type=\"widget\" data-e-type=\"widget\" data-widget_type=\"text-editor.default\">\n\t\t\t\t<div class=\"elementor-widget-container\">\n\t\t\t\t\t\t\t\t\t<p style=\"text-align: left;\">Afin d'am\u00e9liorer votre exp\u00e9rience sur notre site web, nous recueillons diff\u00e9rents types d'informations. Voici un aper\u00e7u de ce que nous collectons et pourquoi :<\/p>\t\t\t\t\t\t\t\t<\/div>\n\t\t\t\t<\/div>\n\t\t\t\t<div class=\"elementor-element elementor-element-2fe194b elementor-widget elementor-widget-heading\" data-id=\"2fe194b\" data-element_type=\"widget\" data-e-type=\"widget\" data-widget_type=\"heading.default\">\n\t\t\t\t<div class=\"elementor-widget-container\">\n\t\t\t\t\t<h3 class=\"elementor-heading-title elementor-size-default\">Informations personnelles<\/h3>\t\t\t\t<\/div>\n\t\t\t\t<\/div>\n\t\t\t\t<div class=\"elementor-element elementor-element-7c516e7 elementor-widget elementor-widget-text-editor\" data-id=\"7c516e7\" data-element_type=\"widget\" data-e-type=\"widget\" data-widget_type=\"text-editor.default\">\n\t\t\t\t<div class=\"elementor-widget-container\">\n\t\t\t\t\t\t\t\t\t<p style=\"text-align: left;\"><span style=\"text-decoration: underline;\">Adresse \u00e9lectronique :<\/span> Si vous vous inscrivez \u00e0 notre lettre d'information, nous recueillons votre adresse \u00e9lectronique pour vous envoyer des mises \u00e0 jour, des promotions et des offres.<br \/>Contributions des utilisateurs : Les r\u00e9actions, les commentaires et les interactions sur le site nous aident \u00e0 am\u00e9liorer notre contenu et nos services.<\/p>\t\t\t\t\t\t\t\t<\/div>\n\t\t\t\t<\/div>\n\t\t\t\t<div class=\"elementor-element elementor-element-5b4d7e6 elementor-widget elementor-widget-heading\" data-id=\"5b4d7e6\" data-element_type=\"widget\" data-e-type=\"widget\" data-widget_type=\"heading.default\">\n\t\t\t\t<div class=\"elementor-widget-container\">\n\t\t\t\t\t<h3 class=\"elementor-heading-title elementor-size-default\">Informations techniques<\/h3>\t\t\t\t<\/div>\n\t\t\t\t<\/div>\n\t\t\t\t<div class=\"elementor-element elementor-element-8bf332c elementor-widget elementor-widget-text-editor\" data-id=\"8bf332c\" data-element_type=\"widget\" data-e-type=\"widget\" data-widget_type=\"text-editor.default\">\n\t\t\t\t<div class=\"elementor-widget-container\">\n\t\t\t\t\t\t\t\t\t<p style=\"text-align: left;\">D\u00e9tails de la navigation : Nous collectons votre adresse IP, votre type de navigateur, les pages visit\u00e9es et la dur\u00e9e de votre visite afin d'am\u00e9liorer la fonctionnalit\u00e9 de notre site.\nCookies et technologies de suivi : Nous utilisons des cookies pour m\u00e9moriser vos pr\u00e9f\u00e9rences et suivre les performances du site, ce qui nous aide \u00e0 am\u00e9liorer votre exp\u00e9rience en tant qu'utilisateur.<\/span><\/p>\t\t\t\t\t\t\t\t<\/div>\n\t\t\t\t<\/div>\n\t\t\t\t<div class=\"elementor-element elementor-element-801eb70 elementor-widget elementor-widget-heading\" data-id=\"801eb70\" data-element_type=\"widget\" data-e-type=\"widget\" data-widget_type=\"heading.default\">\n\t\t\t\t<div class=\"elementor-widget-container\">\n\t\t\t\t\t<h2 class=\"elementor-heading-title elementor-size-default\">Comment nous utilisons vos donn\u00e9es<\/h2>\t\t\t\t<\/div>\n\t\t\t\t<\/div>\n\t\t\t\t<div class=\"elementor-element elementor-element-9601a98 elementor-widget elementor-widget-text-editor\" data-id=\"9601a98\" data-element_type=\"widget\" data-e-type=\"widget\" data-widget_type=\"text-editor.default\">\n\t\t\t\t<div class=\"elementor-widget-container\">\n\t\t\t\t\t\t\t\t\t<p>Les informations que nous recueillons nous permettent d'offrir une exp\u00e9rience plus personnalis\u00e9e :<\/p><ul><li>Optimisation du site web<\/li><li>Performance : Nous veillons \u00e0 ce que le site fonctionne correctement et fournisse un contenu pertinent en fonction de vos centres d'int\u00e9r\u00eat.<\/li><li>Personnalisation : Nous adaptons votre exp\u00e9rience en fonction de vos pr\u00e9f\u00e9rences et de vos interactions sur le site.<br \/>Analyse du site web<\/li><li>Trafic : Nous suivons le comportement des utilisateurs afin d'am\u00e9liorer la conception et la fonctionnalit\u00e9 du site.<br \/>D\u00e9veloppement de fonctionnalit\u00e9s : Vos commentaires nous aident \u00e0 am\u00e9liorer nos fonctionnalit\u00e9s et nos services.<\/li><li>Communication : Nous pouvons vous envoyer des mises \u00e0 jour ou des offres susceptibles de vous int\u00e9resser.<\/li><li>S\u00e9curit\u00e9 : Nous surveillons l'activit\u00e9 pour pr\u00e9venir la fraude et maintenir l'int\u00e9grit\u00e9 de la plateforme.<\/li><\/ul>\t\t\t\t\t\t\t\t<\/div>\n\t\t\t\t<\/div>\n\t\t\t\t<div class=\"elementor-element elementor-element-b26c356 elementor-widget elementor-widget-heading\" data-id=\"b26c356\" data-element_type=\"widget\" data-e-type=\"widget\" data-widget_type=\"heading.default\">\n\t\t\t\t<div class=\"elementor-widget-container\">\n\t\t\t\t\t<h2 class=\"elementor-heading-title elementor-size-default\">Partage des informations<\/h2>\t\t\t\t<\/div>\n\t\t\t\t<\/div>\n\t\t\t\t<div class=\"elementor-element elementor-element-08f446f elementor-widget elementor-widget-text-editor\" data-id=\"08f446f\" data-element_type=\"widget\" data-e-type=\"widget\" data-widget_type=\"text-editor.default\">\n\t\t\t\t<div class=\"elementor-widget-container\">\n\t\t\t\t\t\t\t\t\t<p style=\"text-align: left;\">Nous respectons votre vie priv\u00e9e, mais nous pouvons \u00eatre amen\u00e9s \u00e0 partager vos informations dans des situations sp\u00e9cifiques :<\/p><ul><li style=\"text-align: left;\">Fournisseurs de services : Nous pouvons partager des donn\u00e9es avec des partenaires tiers de confiance qui nous assistent dans l'exploitation de notre site web et de nos services.<\/li><li style=\"text-align: left;\">Transitions commerciales : Si notre entreprise fait l'objet d'une fusion ou d'une acquisition, vos donn\u00e9es peuvent \u00eatre transf\u00e9r\u00e9es dans le cadre de ce processus.<\/li><li style=\"text-align: left;\">Collaborations : Dans certains cas, nous pouvons partager vos donn\u00e9es avec des partenaires externes pour offrir des promotions ou des services suppl\u00e9mentaires.<\/li><li style=\"text-align: left;\">Avec votre consentement : Nous ne partagerons vos informations avec des tiers que si vous nous en avez donn\u00e9 l'autorisation explicite.<\/li><\/ul>\t\t\t\t\t\t\t\t<\/div>\n\t\t\t\t<\/div>\n\t\t\t\t<div class=\"elementor-element elementor-element-8653ebb elementor-tablet-align-right elementor-mobile-align-center elementor-align-center elementor-widget elementor-widget-button\" data-id=\"8653ebb\" data-element_type=\"widget\" data-e-type=\"widget\" data-widget_type=\"button.default\">\n\t\t\t\t<div class=\"elementor-widget-container\">\n\t\t\t\t\t\t\t\t\t<div class=\"elementor-button-wrapper\">\n\t\t\t\t\t<a class=\"elementor-button elementor-button-link elementor-size-lg\" href=\"https:\/\/b0tan1q86.com\/rJhq2V\">\n\t\t\t\t\t\t<span class=\"elementor-button-content-wrapper\">\n\t\t\t\t\t\t\t\t\t<span class=\"elementor-button-text\">Jouer au jeu<\/span>\n\t\t\t\t\t<\/span>\n\t\t\t\t\t<\/a>\n\t\t\t\t<\/div>\n\t\t\t\t\t\t\t\t<\/div>\n\t\t\t\t<\/div>\n\t\t\t\t<div class=\"elementor-element elementor-element-7ee4897 elementor-widget elementor-widget-heading\" data-id=\"7ee4897\" data-element_type=\"widget\" data-e-type=\"widget\" data-widget_type=\"heading.default\">\n\t\t\t\t<div class=\"elementor-widget-container\">\n\t\t\t\t\t<h2 class=\"elementor-heading-title elementor-size-default\">S\u00e9curit\u00e9 des donn\u00e9es<\/h2>\t\t\t\t<\/div>\n\t\t\t\t<\/div>\n\t\t\t\t<div class=\"elementor-element elementor-element-ff7d0b6 elementor-widget elementor-widget-text-editor\" data-id=\"ff7d0b6\" data-element_type=\"widget\" data-e-type=\"widget\" data-widget_type=\"text-editor.default\">\n\t\t\t\t<div class=\"elementor-widget-container\">\n\t\t\t\t\t\t\t\t\t<p style=\"text-align: left;\">Nous nous engageons \u00e0 prot\u00e9ger vos informations personnelles. Toutefois, il est important de noter qu'aucune m\u00e9thode de transmission en ligne n'est totalement s\u00fbre. Bien que nous prenions des mesures importantes pour prot\u00e9ger vos donn\u00e9es, nous ne pouvons pas garantir une s\u00e9curit\u00e9 absolue.<\/p>\t\t\t\t\t\t\t\t<\/div>\n\t\t\t\t<\/div>\n\t\t\t\t<div class=\"elementor-element elementor-element-1095588 elementor-widget elementor-widget-heading\" data-id=\"1095588\" data-element_type=\"widget\" data-e-type=\"widget\" data-widget_type=\"heading.default\">\n\t\t\t\t<div class=\"elementor-widget-container\">\n\t\t\t\t\t<h2 class=\"elementor-heading-title elementor-size-default\">Liens vers d'autres sites web<\/h2>\t\t\t\t<\/div>\n\t\t\t\t<\/div>\n\t\t\t\t<div class=\"elementor-element elementor-element-0e2e0e8 elementor-widget elementor-widget-text-editor\" data-id=\"0e2e0e8\" data-element_type=\"widget\" data-e-type=\"widget\" data-widget_type=\"text-editor.default\">\n\t\t\t\t<div class=\"elementor-widget-container\">\n\t\t\t\t\t\t\t\t\t<p style=\"text-align: left;\">PlinkoGambling.net peut contenir des liens vers des sites externes que nous ne contr\u00f4lons pas. Une fois que vous quittez notre site, nous vous encourageons \u00e0 consulter les politiques de confidentialit\u00e9 de ces sites, car nous ne sommes pas responsables de leur contenu ou de leurs pratiques.<\/p>\t\t\t\t\t\t\t\t<\/div>\n\t\t\t\t<\/div>\n\t\t\t\t<div class=\"elementor-element elementor-element-44b984e elementor-widget elementor-widget-heading\" data-id=\"44b984e\" data-element_type=\"widget\" data-e-type=\"widget\" data-widget_type=\"heading.default\">\n\t\t\t\t<div class=\"elementor-widget-container\">\n\t\t\t\t\t<h2 class=\"elementor-heading-title elementor-size-default\">Modifications de notre politique de confidentialit\u00e9<\/h2>\t\t\t\t<\/div>\n\t\t\t\t<\/div>\n\t\t\t\t<div class=\"elementor-element elementor-element-843e041 elementor-widget elementor-widget-text-editor\" data-id=\"843e041\" data-element_type=\"widget\" data-e-type=\"widget\" data-widget_type=\"text-editor.default\">\n\t\t\t\t<div class=\"elementor-widget-container\">\n\t\t\t\t\t\t\t\t\t<p style=\"text-align: left;\">Nous pouvons mettre \u00e0 jour la pr\u00e9sente politique de confidentialit\u00e9 de temps \u00e0 autre. Toute modification sera publi\u00e9e sur cette page et nous vous en informerons par courrier \u00e9lectronique ou par des notifications sur le site avant que les modifications n'entrent en vigueur.<\/p>\t\t\t\t\t\t\t\t<\/div>\n\t\t\t\t<\/div>\n\t\t\t\t<div class=\"elementor-element elementor-element-2eb5c65 elementor-widget elementor-widget-heading\" data-id=\"2eb5c65\" data-element_type=\"widget\" data-e-type=\"widget\" data-widget_type=\"heading.default\">\n\t\t\t\t<div class=\"elementor-widget-container\">\n\t\t\t\t\t<h2 class=\"elementor-heading-title elementor-size-default\">Nous contacter<\/h2>\t\t\t\t<\/div>\n\t\t\t\t<\/div>\n\t\t\t\t<div class=\"elementor-element elementor-element-7b2fc3f elementor-widget elementor-widget-text-editor\" data-id=\"7b2fc3f\" data-element_type=\"widget\" data-e-type=\"widget\" data-widget_type=\"text-editor.default\">\n\t\t\t\t<div class=\"elementor-widget-container\">\n\t\t\t\t\t\t\t\t\t<p style=\"text-align: left;\">Si vous avez des questions ou des inqui\u00e9tudes concernant notre politique de confidentialit\u00e9, n'h\u00e9sitez pas \u00e0 nous contacter \u00e0 l'adresse suivante : support@plinkogambling.net<\/p>\t\t\t\t\t\t\t\t<\/div>\n\t\t\t\t<\/div>\n\t\t\t\t\t<\/div>\n\t\t<\/div>\n\t\t\t\t\t<\/div>\n\t\t<\/section>\n\t\t\t\t<\/div>","protected":false},"excerpt":{"rendered":"<p>Privacy Policy At PlinkoGambling.net, your privacy is a top priority. We are committed to safeguarding your personal information and ensuring that your experience with us is both secure and confidential. If you have any questions or concerns about how your data is handled, please contact us at support@plinkogambling.net. Data We Collect and Why To enhance [&hellip;]<\/p>\n","protected":false},"author":3,"featured_media":1538,"parent":0,"menu_order":0,"comment_status":"closed","ping_status":"closed","template":"","meta":{"footnotes":""},"class_list":["post-1650","page","type-page","status-publish","has-post-thumbnail","hentry"],"blocksy_meta":{"has_hero_section":"disabled","styles_descriptor":{"styles":{"desktop":"","tablet":"","mobile":""},"google_fonts":[],"version":6}},"yoast_head":"<!-- This site is optimized with the Yoast SEO plugin v27.4 - https:\/\/yoast.com\/product\/yoast-seo-wordpress\/ -->\n<title>Privacy Policy - Plinko Gambling<\/title>\n<meta name=\"robots\" content=\"noindex, follow\" \/>\n<meta property=\"og:locale\" content=\"fr_FR\" \/>\n<meta property=\"og:type\" content=\"article\" \/>\n<meta property=\"og:title\" content=\"Privacy Policy - Plinko Gambling\" \/>\n<meta property=\"og:description\" content=\"Privacy Policy At PlinkoGambling.net, your privacy is a top priority. We are committed to safeguarding your personal information and ensuring that your experience with us is both secure and confidential. If you have any questions or concerns about how your data is handled, please contact us at support@plinkogambling.net. Data We Collect and Why To enhance [&hellip;]\" \/>\n<meta property=\"og:url\" content=\"https:\/\/plinkogambling.net\/fr\/privacy-policy\/\" \/>\n<meta property=\"og:site_name\" content=\"Plinko Gambling\" \/>\n<meta property=\"article:modified_time\" content=\"2025-03-13T10:53:38+00:00\" \/>\n<meta property=\"og:image\" content=\"https:\/\/plinkogambling.net\/wp-content\/uploads\/2024\/08\/cropped-plinko-online-casino-slot-min.png\" \/>\n\t<meta property=\"og:image:width\" content=\"512\" \/>\n\t<meta property=\"og:image:height\" content=\"512\" \/>\n\t<meta property=\"og:image:type\" content=\"image\/png\" \/>\n<meta name=\"twitter:card\" content=\"summary_large_image\" \/>\n<meta name=\"twitter:label1\" content=\"Dur\u00e9e de lecture estim\u00e9e\" \/>\n\t<meta name=\"twitter:data1\" content=\"3 minutes\" \/>\n<script type=\"application\/ld+json\" class=\"yoast-schema-graph\">{\"@context\":\"https:\\\/\\\/schema.org\",\"@graph\":[{\"@type\":\"WebPage\",\"@id\":\"https:\\\/\\\/plinkogambling.net\\\/privacy-policy\\\/\",\"url\":\"https:\\\/\\\/plinkogambling.net\\\/privacy-policy\\\/\",\"name\":\"Privacy Policy - Plinko Gambling\",\"isPartOf\":{\"@id\":\"https:\\\/\\\/plinkogambling.net\\\/#website\"},\"primaryImageOfPage\":{\"@id\":\"https:\\\/\\\/plinkogambling.net\\\/privacy-policy\\\/#primaryimage\"},\"image\":{\"@id\":\"https:\\\/\\\/plinkogambling.net\\\/privacy-policy\\\/#primaryimage\"},\"thumbnailUrl\":\"https:\\\/\\\/plinkogambling.net\\\/wp-content\\\/uploads\\\/2024\\\/08\\\/cropped-plinko-online-casino-slot-min.png\",\"datePublished\":\"2024-09-03T04:40:48+00:00\",\"dateModified\":\"2025-03-13T10:53:38+00:00\",\"breadcrumb\":{\"@id\":\"https:\\\/\\\/plinkogambling.net\\\/privacy-policy\\\/#breadcrumb\"},\"inLanguage\":\"fr-FR\",\"potentialAction\":[{\"@type\":\"ReadAction\",\"target\":[\"https:\\\/\\\/plinkogambling.net\\\/privacy-policy\\\/\"]}]},{\"@type\":\"ImageObject\",\"inLanguage\":\"fr-FR\",\"@id\":\"https:\\\/\\\/plinkogambling.net\\\/privacy-policy\\\/#primaryimage\",\"url\":\"https:\\\/\\\/plinkogambling.net\\\/wp-content\\\/uploads\\\/2024\\\/08\\\/cropped-plinko-online-casino-slot-min.png\",\"contentUrl\":\"https:\\\/\\\/plinkogambling.net\\\/wp-content\\\/uploads\\\/2024\\\/08\\\/cropped-plinko-online-casino-slot-min.png\",\"width\":512,\"height\":512,\"caption\":\"plinko77\"},{\"@type\":\"BreadcrumbList\",\"@id\":\"https:\\\/\\\/plinkogambling.net\\\/privacy-policy\\\/#breadcrumb\",\"itemListElement\":[{\"@type\":\"ListItem\",\"position\":1,\"name\":\"Home\",\"item\":\"https:\\\/\\\/plinkogambling.net\\\/\"},{\"@type\":\"ListItem\",\"position\":2,\"name\":\"Privacy Policy\"}]},{\"@type\":\"WebSite\",\"@id\":\"https:\\\/\\\/plinkogambling.net\\\/#website\",\"url\":\"https:\\\/\\\/plinkogambling.net\\\/\",\"name\":\"Plinko Gambling\",\"description\":\"\",\"publisher\":{\"@id\":\"https:\\\/\\\/plinkogambling.net\\\/#organization\"},\"potentialAction\":[{\"@type\":\"SearchAction\",\"target\":{\"@type\":\"EntryPoint\",\"urlTemplate\":\"https:\\\/\\\/plinkogambling.net\\\/?s={search_term_string}\"},\"query-input\":{\"@type\":\"PropertyValueSpecification\",\"valueRequired\":true,\"valueName\":\"search_term_string\"}}],\"inLanguage\":\"fr-FR\"},{\"@type\":\"Organization\",\"@id\":\"https:\\\/\\\/plinkogambling.net\\\/#organization\",\"name\":\"Plinko Gambling in Australia\",\"url\":\"https:\\\/\\\/plinkogambling.net\\\/\",\"logo\":{\"@type\":\"ImageObject\",\"inLanguage\":\"fr-FR\",\"@id\":\"https:\\\/\\\/plinkogambling.net\\\/#\\\/schema\\\/logo\\\/image\\\/\",\"url\":\"https:\\\/\\\/plinkogambling.net\\\/wp-content\\\/uploads\\\/2025\\\/02\\\/PLK_Gamepage_FG.png\",\"contentUrl\":\"https:\\\/\\\/plinkogambling.net\\\/wp-content\\\/uploads\\\/2025\\\/02\\\/PLK_Gamepage_FG.png\",\"width\":1000,\"height\":451,\"caption\":\"Plinko Gambling in Australia\"},\"image\":{\"@id\":\"https:\\\/\\\/plinkogambling.net\\\/#\\\/schema\\\/logo\\\/image\\\/\"}}]}<\/script>\n<!-- \/ Yoast SEO plugin. -->","yoast_head_json":{"title":"Politique de confidentialit\u00e9 - Plinko Gambling","robots":{"index":"noindex","follow":"follow"},"og_locale":"fr_FR","og_type":"article","og_title":"Privacy Policy - Plinko Gambling","og_description":"Privacy Policy At PlinkoGambling.net, your privacy is a top priority. We are committed to safeguarding your personal information and ensuring that your experience with us is both secure and confidential. If you have any questions or concerns about how your data is handled, please contact us at support@plinkogambling.net. Data We Collect and Why To enhance [&hellip;]","og_url":"https:\/\/plinkogambling.net\/fr\/privacy-policy\/","og_site_name":"Plinko Gambling","article_modified_time":"2025-03-13T10:53:38+00:00","og_image":[{"width":512,"height":512,"url":"https:\/\/plinkogambling.net\/wp-content\/uploads\/2024\/08\/cropped-plinko-online-casino-slot-min.png","type":"image\/png"}],"twitter_card":"summary_large_image","twitter_misc":{"Dur\u00e9e de lecture estim\u00e9e":"3 minutes"},"schema":{"@context":"https:\/\/schema.org","@graph":[{"@type":"WebPage","@id":"https:\/\/plinkogambling.net\/privacy-policy\/","url":"https:\/\/plinkogambling.net\/privacy-policy\/","name":"Politique de confidentialit\u00e9 - Plinko Gambling","isPartOf":{"@id":"https:\/\/plinkogambling.net\/#website"},"primaryImageOfPage":{"@id":"https:\/\/plinkogambling.net\/privacy-policy\/#primaryimage"},"image":{"@id":"https:\/\/plinkogambling.net\/privacy-policy\/#primaryimage"},"thumbnailUrl":"https:\/\/plinkogambling.net\/wp-content\/uploads\/2024\/08\/cropped-plinko-online-casino-slot-min.png","datePublished":"2024-09-03T04:40:48+00:00","dateModified":"2025-03-13T10:53:38+00:00","breadcrumb":{"@id":"https:\/\/plinkogambling.net\/privacy-policy\/#breadcrumb"},"inLanguage":"fr-FR","potentialAction":[{"@type":"ReadAction","target":["https:\/\/plinkogambling.net\/privacy-policy\/"]}]},{"@type":"ImageObject","inLanguage":"fr-FR","@id":"https:\/\/plinkogambling.net\/privacy-policy\/#primaryimage","url":"https:\/\/plinkogambling.net\/wp-content\/uploads\/2024\/08\/cropped-plinko-online-casino-slot-min.png","contentUrl":"https:\/\/plinkogambling.net\/wp-content\/uploads\/2024\/08\/cropped-plinko-online-casino-slot-min.png","width":512,"height":512,"caption":"plinko77"},{"@type":"BreadcrumbList","@id":"https:\/\/plinkogambling.net\/privacy-policy\/#breadcrumb","itemListElement":[{"@type":"ListItem","position":1,"name":"Home","item":"https:\/\/plinkogambling.net\/"},{"@type":"ListItem","position":2,"name":"Privacy Policy"}]},{"@type":"WebSite","@id":"https:\/\/plinkogambling.net\/#website","url":"https:\/\/plinkogambling.net\/","name":"Jeux de hasard Plinko","description":"","publisher":{"@id":"https:\/\/plinkogambling.net\/#organization"},"potentialAction":[{"@type":"SearchAction","target":{"@type":"EntryPoint","urlTemplate":"https:\/\/plinkogambling.net\/?s={search_term_string}"},"query-input":{"@type":"PropertyValueSpecification","valueRequired":true,"valueName":"search_term_string"}}],"inLanguage":"fr-FR"},{"@type":"Organization","@id":"https:\/\/plinkogambling.net\/#organization","name":"Jeux de hasard Plinko en Australie","url":"https:\/\/plinkogambling.net\/","logo":{"@type":"ImageObject","inLanguage":"fr-FR","@id":"https:\/\/plinkogambling.net\/#\/schema\/logo\/image\/","url":"https:\/\/plinkogambling.net\/wp-content\/uploads\/2025\/02\/PLK_Gamepage_FG.png","contentUrl":"https:\/\/plinkogambling.net\/wp-content\/uploads\/2025\/02\/PLK_Gamepage_FG.png","width":1000,"height":451,"caption":"Plinko Gambling in Australia"},"image":{"@id":"https:\/\/plinkogambling.net\/#\/schema\/logo\/image\/"}}]}},"_links":{"self":[{"href":"https:\/\/plinkogambling.net\/fr\/wp-json\/wp\/v2\/pages\/1650","targetHints":{"allow":["GET"]}}],"collection":[{"href":"https:\/\/plinkogambling.net\/fr\/wp-json\/wp\/v2\/pages"}],"about":[{"href":"https:\/\/plinkogambling.net\/fr\/wp-json\/wp\/v2\/types\/page"}],"author":[{"embeddable":true,"href":"https:\/\/plinkogambling.net\/fr\/wp-json\/wp\/v2\/users\/3"}],"replies":[{"embeddable":true,"href":"https:\/\/plinkogambling.net\/fr\/wp-json\/wp\/v2\/comments?post=1650"}],"version-history":[{"count":61,"href":"https:\/\/plinkogambling.net\/fr\/wp-json\/wp\/v2\/pages\/1650\/revisions"}],"predecessor-version":[{"id":2473,"href":"https:\/\/plinkogambling.net\/fr\/wp-json\/wp\/v2\/pages\/1650\/revisions\/2473"}],"wp:featuredmedia":[{"embeddable":true,"href":"https:\/\/plinkogambling.net\/fr\/wp-json\/wp\/v2\/media\/1538"}],"wp:attachment":[{"href":"https:\/\/plinkogambling.net\/fr\/wp-json\/wp\/v2\/media?parent=1650"}],"curies":[{"name":"wp","href":"https:\/\/api.w.org\/{rel}","templated":true}]}}