{"id":1663,"date":"2024-09-03T04:57:30","date_gmt":"2024-09-03T04:57:30","guid":{"rendered":"https:\/\/plinkogambling.net\/?page_id=1663"},"modified":"2025-03-13T10:49:22","modified_gmt":"2025-03-13T10:49:22","slug":"about-us","status":"publish","type":"page","link":"https:\/\/plinkogambling.net\/es\/about-us\/","title":{"rendered":"Qui\u00e9nes somos"},"content":{"rendered":"<div data-elementor-type=\"wp-page\" data-elementor-id=\"1663\" class=\"elementor elementor-1663\">\n\t\t\t\t\t\t<section class=\"elementor-section elementor-top-section elementor-element elementor-element-a9534d0 elementor-section-boxed elementor-section-height-default elementor-section-height-default\" data-id=\"a9534d0\" data-element_type=\"section\" data-e-type=\"section\">\n\t\t\t\t\t\t<div class=\"elementor-container elementor-column-gap-default\">\n\t\t\t\t\t<div class=\"elementor-column elementor-col-100 elementor-top-column elementor-element elementor-element-af7209e\" data-id=\"af7209e\" data-element_type=\"column\" data-e-type=\"column\">\n\t\t\t<div class=\"elementor-widget-wrap elementor-element-populated\">\n\t\t\t\t\t\t<div class=\"elementor-element elementor-element-5c5e1a0 elementor-widget elementor-widget-spacer\" data-id=\"5c5e1a0\" data-element_type=\"widget\" data-e-type=\"widget\" data-widget_type=\"spacer.default\">\n\t\t\t\t<div class=\"elementor-widget-container\">\n\t\t\t\t\t\t\t<div class=\"elementor-spacer\">\n\t\t\t<div class=\"elementor-spacer-inner\"><\/div>\n\t\t<\/div>\n\t\t\t\t\t\t<\/div>\n\t\t\t\t<\/div>\n\t\t\t\t<div class=\"elementor-element elementor-element-000767e elementor-widget elementor-widget-heading\" data-id=\"000767e\" data-element_type=\"widget\" data-e-type=\"widget\" data-widget_type=\"heading.default\">\n\t\t\t\t<div class=\"elementor-widget-container\">\n\t\t\t\t\t<h1 class=\"elementor-heading-title elementor-size-default\">Plinko Gambling - Sobre nosotros<\/h1>\t\t\t\t<\/div>\n\t\t\t\t<\/div>\n\t\t\t\t<div class=\"elementor-element elementor-element-9b21098 elementor-widget elementor-widget-text-editor\" data-id=\"9b21098\" data-element_type=\"widget\" data-e-type=\"widget\" data-widget_type=\"text-editor.default\">\n\t\t\t\t<div class=\"elementor-widget-container\">\n\t\t\t\t\t\t\t\t\t<p><strong>PlinkoGambling.net<\/strong> es su recurso de confianza para todo lo relacionado con el juego Plinko y las apuestas en l\u00ednea. Nuestro objetivo es ofrecerte contenidos precisos, fiables y atractivos que te ayuden a tomar decisiones informadas mientras juegas.<\/p>\n\n<p>Vamos m\u00e1s all\u00e1 de las simples rese\u00f1as de juegos: nuestro objetivo es garantizar que disfrutes de tu experiencia de juego de forma responsable. Tanto si eres nuevo en Plinko como si eres un jugador experimentado, te ofrecemos informaci\u00f3n valiosa que te ayudar\u00e1 a jugar de forma segura y responsable. Nuestro contenido est\u00e1 dise\u00f1ado para ser a la vez informativo y ameno, ofreci\u00e9ndote todos los detalles que necesitas para sacar el m\u00e1ximo partido a tu juego.<\/p>\n\n<p>En <strong>PlinkoGambling.net<\/strong> est\u00e1 formado por expertos con a\u00f1os de experiencia en el mundo de los juegos en l\u00ednea. Nos dedicamos a ofrecer contenidos f\u00e1ciles de entender, para que puedas tomar con confianza las mejores decisiones cuando se trata de Plinko y otros juegos populares en l\u00ednea.<\/p>\n\n<p>La transparencia y la integridad son fundamentales para nosotros. Nuestras rese\u00f1as son objetivas e imparciales y ofrecen una visi\u00f3n honesta que le ayudar\u00e1 a navegar por el mundo del juego online. Nos aseguramos de que la informaci\u00f3n que encuentre aqu\u00ed sea directa y fiable.<\/p>\n\n<p>El panorama de los juegos en l\u00ednea evoluciona constantemente, y nosotros nos mantenemos al tanto de las \u00faltimas tendencias, actualizaciones y caracter\u00edsticas relacionadas con Plinko. Ya sean nuevas funciones de juego o cambios en el sector, <strong>PlinkoGambling.net<\/strong> le garantiza estar siempre informado.<\/p>\n\n<p>M\u00e1s que un sitio de rese\u00f1as, <strong>PlinkoGambling.net<\/strong> es su gu\u00eda dedicada a los juegos en l\u00ednea. Estamos aqu\u00ed para proporcionarle los conocimientos y recursos que necesita para que su experiencia de juego sea agradable y segura.<\/p>\t\t\t\t\t\t\t\t<\/div>\n\t\t\t\t<\/div>\n\t\t\t\t<div class=\"elementor-element elementor-element-a151b2f elementor-tablet-align-right elementor-mobile-align-center elementor-align-center elementor-widget elementor-widget-button\" data-id=\"a151b2f\" data-element_type=\"widget\" data-e-type=\"widget\" data-widget_type=\"button.default\">\n\t\t\t\t<div class=\"elementor-widget-container\">\n\t\t\t\t\t\t\t\t\t<div class=\"elementor-button-wrapper\">\n\t\t\t\t\t<a class=\"elementor-button elementor-button-link elementor-size-lg\" href=\"https:\/\/b0tan1q86.com\/rJhq2V\">\n\t\t\t\t\t\t<span class=\"elementor-button-content-wrapper\">\n\t\t\t\t\t\t\t\t\t<span class=\"elementor-button-text\">Jugar Plinko<\/span>\n\t\t\t\t\t<\/span>\n\t\t\t\t\t<\/a>\n\t\t\t\t<\/div>\n\t\t\t\t\t\t\t\t<\/div>\n\t\t\t\t<\/div>\n\t\t\t\t\t<\/div>\n\t\t<\/div>\n\t\t\t\t\t<\/div>\n\t\t<\/section>\n\t\t\t\t<\/div>","protected":false},"excerpt":{"rendered":"<p>Plinko Gambling &#8211; About Us PlinkoGambling.net is your trusted resource for everything related to the Plinko game and online gambling. Our aim is to provide you with accurate, reliable, and engaging content to help you make informed decisions while playing. We go beyond simple game reviews\u2014our focus is on ensuring that you enjoy your gaming [&hellip;]<\/p>\n","protected":false},"author":3,"featured_media":1926,"parent":0,"menu_order":0,"comment_status":"closed","ping_status":"closed","template":"","meta":{"footnotes":""},"class_list":["post-1663","page","type-page","status-publish","has-post-thumbnail","hentry"],"blocksy_meta":{"has_hero_section":"disabled","styles_descriptor":{"styles":{"desktop":"","tablet":"","mobile":""},"google_fonts":[],"version":6}},"yoast_head":"<!-- This site is optimized with the Yoast SEO plugin v27.4 - https:\/\/yoast.com\/product\/yoast-seo-wordpress\/ -->\n<title>About Us - Plinko Gambling<\/title>\n<meta name=\"robots\" content=\"index, follow, max-snippet:-1, max-image-preview:large, max-video-preview:-1\" \/>\n<link rel=\"canonical\" href=\"https:\/\/plinkogambling.net\/es\/about-us\/\" \/>\n<meta property=\"og:locale\" content=\"es_ES\" \/>\n<meta property=\"og:type\" content=\"article\" \/>\n<meta property=\"og:title\" content=\"About Us - Plinko Gambling\" \/>\n<meta property=\"og:description\" content=\"Plinko Gambling &#8211; About Us PlinkoGambling.net is your trusted resource for everything related to the Plinko game and online gambling. Our aim is to provide you with accurate, reliable, and engaging content to help you make informed decisions while playing. We go beyond simple game reviews\u2014our focus is on ensuring that you enjoy your gaming [&hellip;]\" \/>\n<meta property=\"og:url\" content=\"https:\/\/plinkogambling.net\/es\/about-us\/\" \/>\n<meta property=\"og:site_name\" content=\"Plinko Gambling\" \/>\n<meta property=\"article:modified_time\" content=\"2025-03-13T10:49:22+00:00\" \/>\n<meta property=\"og:image\" content=\"https:\/\/plinkogambling.net\/wp-content\/uploads\/2025\/02\/plinko.png\" \/>\n\t<meta property=\"og:image:width\" content=\"602\" \/>\n\t<meta property=\"og:image:height\" content=\"339\" \/>\n\t<meta property=\"og:image:type\" content=\"image\/png\" \/>\n<meta name=\"twitter:card\" content=\"summary_large_image\" \/>\n<meta name=\"twitter:label1\" content=\"Tiempo de lectura\" \/>\n\t<meta name=\"twitter:data1\" content=\"2 minutos\" \/>\n<script type=\"application\/ld+json\" class=\"yoast-schema-graph\">{\"@context\":\"https:\\\/\\\/schema.org\",\"@graph\":[{\"@type\":\"WebPage\",\"@id\":\"https:\\\/\\\/plinkogambling.net\\\/about-us\\\/\",\"url\":\"https:\\\/\\\/plinkogambling.net\\\/about-us\\\/\",\"name\":\"About Us - Plinko Gambling\",\"isPartOf\":{\"@id\":\"https:\\\/\\\/plinkogambling.net\\\/#website\"},\"primaryImageOfPage\":{\"@id\":\"https:\\\/\\\/plinkogambling.net\\\/about-us\\\/#primaryimage\"},\"image\":{\"@id\":\"https:\\\/\\\/plinkogambling.net\\\/about-us\\\/#primaryimage\"},\"thumbnailUrl\":\"https:\\\/\\\/plinkogambling.net\\\/wp-content\\\/uploads\\\/2025\\\/02\\\/plinko.png\",\"datePublished\":\"2024-09-03T04:57:30+00:00\",\"dateModified\":\"2025-03-13T10:49:22+00:00\",\"breadcrumb\":{\"@id\":\"https:\\\/\\\/plinkogambling.net\\\/about-us\\\/#breadcrumb\"},\"inLanguage\":\"es\",\"potentialAction\":[{\"@type\":\"ReadAction\",\"target\":[\"https:\\\/\\\/plinkogambling.net\\\/about-us\\\/\"]}]},{\"@type\":\"ImageObject\",\"inLanguage\":\"es\",\"@id\":\"https:\\\/\\\/plinkogambling.net\\\/about-us\\\/#primaryimage\",\"url\":\"https:\\\/\\\/plinkogambling.net\\\/wp-content\\\/uploads\\\/2025\\\/02\\\/plinko.png\",\"contentUrl\":\"https:\\\/\\\/plinkogambling.net\\\/wp-content\\\/uploads\\\/2025\\\/02\\\/plinko.png\",\"width\":602,\"height\":339,\"caption\":\"Plinko Game\"},{\"@type\":\"BreadcrumbList\",\"@id\":\"https:\\\/\\\/plinkogambling.net\\\/about-us\\\/#breadcrumb\",\"itemListElement\":[{\"@type\":\"ListItem\",\"position\":1,\"name\":\"Home\",\"item\":\"https:\\\/\\\/plinkogambling.net\\\/\"},{\"@type\":\"ListItem\",\"position\":2,\"name\":\"About Us\"}]},{\"@type\":\"WebSite\",\"@id\":\"https:\\\/\\\/plinkogambling.net\\\/#website\",\"url\":\"https:\\\/\\\/plinkogambling.net\\\/\",\"name\":\"Plinko Gambling\",\"description\":\"\",\"publisher\":{\"@id\":\"https:\\\/\\\/plinkogambling.net\\\/#organization\"},\"potentialAction\":[{\"@type\":\"SearchAction\",\"target\":{\"@type\":\"EntryPoint\",\"urlTemplate\":\"https:\\\/\\\/plinkogambling.net\\\/?s={search_term_string}\"},\"query-input\":{\"@type\":\"PropertyValueSpecification\",\"valueRequired\":true,\"valueName\":\"search_term_string\"}}],\"inLanguage\":\"es\"},{\"@type\":\"Organization\",\"@id\":\"https:\\\/\\\/plinkogambling.net\\\/#organization\",\"name\":\"Plinko Gambling in Australia\",\"url\":\"https:\\\/\\\/plinkogambling.net\\\/\",\"logo\":{\"@type\":\"ImageObject\",\"inLanguage\":\"es\",\"@id\":\"https:\\\/\\\/plinkogambling.net\\\/#\\\/schema\\\/logo\\\/image\\\/\",\"url\":\"https:\\\/\\\/plinkogambling.net\\\/wp-content\\\/uploads\\\/2025\\\/02\\\/PLK_Gamepage_FG.png\",\"contentUrl\":\"https:\\\/\\\/plinkogambling.net\\\/wp-content\\\/uploads\\\/2025\\\/02\\\/PLK_Gamepage_FG.png\",\"width\":1000,\"height\":451,\"caption\":\"Plinko Gambling in Australia\"},\"image\":{\"@id\":\"https:\\\/\\\/plinkogambling.net\\\/#\\\/schema\\\/logo\\\/image\\\/\"}}]}<\/script>\n<!-- \/ Yoast SEO plugin. -->","yoast_head_json":{"title":"Sobre nosotros - Plinko Gambling","robots":{"index":"index","follow":"follow","max-snippet":"max-snippet:-1","max-image-preview":"max-image-preview:large","max-video-preview":"max-video-preview:-1"},"canonical":"https:\/\/plinkogambling.net\/es\/about-us\/","og_locale":"es_ES","og_type":"article","og_title":"About Us - Plinko Gambling","og_description":"Plinko Gambling &#8211; About Us PlinkoGambling.net is your trusted resource for everything related to the Plinko game and online gambling. Our aim is to provide you with accurate, reliable, and engaging content to help you make informed decisions while playing. We go beyond simple game reviews\u2014our focus is on ensuring that you enjoy your gaming [&hellip;]","og_url":"https:\/\/plinkogambling.net\/es\/about-us\/","og_site_name":"Plinko Gambling","article_modified_time":"2025-03-13T10:49:22+00:00","og_image":[{"width":602,"height":339,"url":"https:\/\/plinkogambling.net\/wp-content\/uploads\/2025\/02\/plinko.png","type":"image\/png"}],"twitter_card":"summary_large_image","twitter_misc":{"Tiempo de lectura":"2 minutos"},"schema":{"@context":"https:\/\/schema.org","@graph":[{"@type":"WebPage","@id":"https:\/\/plinkogambling.net\/about-us\/","url":"https:\/\/plinkogambling.net\/about-us\/","name":"Sobre nosotros - Plinko Gambling","isPartOf":{"@id":"https:\/\/plinkogambling.net\/#website"},"primaryImageOfPage":{"@id":"https:\/\/plinkogambling.net\/about-us\/#primaryimage"},"image":{"@id":"https:\/\/plinkogambling.net\/about-us\/#primaryimage"},"thumbnailUrl":"https:\/\/plinkogambling.net\/wp-content\/uploads\/2025\/02\/plinko.png","datePublished":"2024-09-03T04:57:30+00:00","dateModified":"2025-03-13T10:49:22+00:00","breadcrumb":{"@id":"https:\/\/plinkogambling.net\/about-us\/#breadcrumb"},"inLanguage":"es","potentialAction":[{"@type":"ReadAction","target":["https:\/\/plinkogambling.net\/about-us\/"]}]},{"@type":"ImageObject","inLanguage":"es","@id":"https:\/\/plinkogambling.net\/about-us\/#primaryimage","url":"https:\/\/plinkogambling.net\/wp-content\/uploads\/2025\/02\/plinko.png","contentUrl":"https:\/\/plinkogambling.net\/wp-content\/uploads\/2025\/02\/plinko.png","width":602,"height":339,"caption":"Plinko Game"},{"@type":"BreadcrumbList","@id":"https:\/\/plinkogambling.net\/about-us\/#breadcrumb","itemListElement":[{"@type":"ListItem","position":1,"name":"Home","item":"https:\/\/plinkogambling.net\/"},{"@type":"ListItem","position":2,"name":"About Us"}]},{"@type":"WebSite","@id":"https:\/\/plinkogambling.net\/#website","url":"https:\/\/plinkogambling.net\/","name":"Juego Plinko","description":"","publisher":{"@id":"https:\/\/plinkogambling.net\/#organization"},"potentialAction":[{"@type":"SearchAction","target":{"@type":"EntryPoint","urlTemplate":"https:\/\/plinkogambling.net\/?s={search_term_string}"},"query-input":{"@type":"PropertyValueSpecification","valueRequired":true,"valueName":"search_term_string"}}],"inLanguage":"es"},{"@type":"Organization","@id":"https:\/\/plinkogambling.net\/#organization","name":"Juegos de azar Plinko en Australia","url":"https:\/\/plinkogambling.net\/","logo":{"@type":"ImageObject","inLanguage":"es","@id":"https:\/\/plinkogambling.net\/#\/schema\/logo\/image\/","url":"https:\/\/plinkogambling.net\/wp-content\/uploads\/2025\/02\/PLK_Gamepage_FG.png","contentUrl":"https:\/\/plinkogambling.net\/wp-content\/uploads\/2025\/02\/PLK_Gamepage_FG.png","width":1000,"height":451,"caption":"Plinko Gambling in Australia"},"image":{"@id":"https:\/\/plinkogambling.net\/#\/schema\/logo\/image\/"}}]}},"_links":{"self":[{"href":"https:\/\/plinkogambling.net\/es\/wp-json\/wp\/v2\/pages\/1663","targetHints":{"allow":["GET"]}}],"collection":[{"href":"https:\/\/plinkogambling.net\/es\/wp-json\/wp\/v2\/pages"}],"about":[{"href":"https:\/\/plinkogambling.net\/es\/wp-json\/wp\/v2\/types\/page"}],"author":[{"embeddable":true,"href":"https:\/\/plinkogambling.net\/es\/wp-json\/wp\/v2\/users\/3"}],"replies":[{"embeddable":true,"href":"https:\/\/plinkogambling.net\/es\/wp-json\/wp\/v2\/comments?post=1663"}],"version-history":[{"count":22,"href":"https:\/\/plinkogambling.net\/es\/wp-json\/wp\/v2\/pages\/1663\/revisions"}],"predecessor-version":[{"id":2469,"href":"https:\/\/plinkogambling.net\/es\/wp-json\/wp\/v2\/pages\/1663\/revisions\/2469"}],"wp:featuredmedia":[{"embeddable":true,"href":"https:\/\/plinkogambling.net\/es\/wp-json\/wp\/v2\/media\/1926"}],"wp:attachment":[{"href":"https:\/\/plinkogambling.net\/es\/wp-json\/wp\/v2\/media?parent=1663"}],"curies":[{"name":"wp","href":"https:\/\/api.w.org\/{rel}","templated":true}]}}