{"id":1650,"date":"2024-09-03T04:40:48","date_gmt":"2024-09-03T04:40:48","guid":{"rendered":"https:\/\/plinkogambling.net\/?page_id=1650"},"modified":"2025-03-13T10:53:38","modified_gmt":"2025-03-13T10:53:38","slug":"privacy-policy","status":"publish","type":"page","link":"https:\/\/plinkogambling.net\/es\/privacy-policy\/","title":{"rendered":"Pol\u00edtica de privacidad"},"content":{"rendered":"<div data-elementor-type=\"wp-page\" data-elementor-id=\"1650\" class=\"elementor elementor-1650\">\n\t\t\t\t\t\t<section class=\"elementor-section elementor-top-section elementor-element elementor-element-02df681 elementor-section-boxed elementor-section-height-default elementor-section-height-default\" data-id=\"02df681\" data-element_type=\"section\" data-e-type=\"section\">\n\t\t\t\t\t\t<div class=\"elementor-container elementor-column-gap-default\">\n\t\t\t\t\t<div class=\"elementor-column elementor-col-100 elementor-top-column elementor-element elementor-element-be5bd69\" data-id=\"be5bd69\" data-element_type=\"column\" data-e-type=\"column\">\n\t\t\t<div class=\"elementor-widget-wrap elementor-element-populated\">\n\t\t\t\t\t\t<div class=\"elementor-element elementor-element-af3780e elementor-widget elementor-widget-spacer\" data-id=\"af3780e\" data-element_type=\"widget\" data-e-type=\"widget\" data-widget_type=\"spacer.default\">\n\t\t\t\t<div class=\"elementor-widget-container\">\n\t\t\t\t\t\t\t<div class=\"elementor-spacer\">\n\t\t\t<div class=\"elementor-spacer-inner\"><\/div>\n\t\t<\/div>\n\t\t\t\t\t\t<\/div>\n\t\t\t\t<\/div>\n\t\t\t\t<div class=\"elementor-element elementor-element-0d371d8 elementor-widget elementor-widget-heading\" data-id=\"0d371d8\" data-element_type=\"widget\" data-e-type=\"widget\" data-widget_type=\"heading.default\">\n\t\t\t\t<div class=\"elementor-widget-container\">\n\t\t\t\t\t<h1 class=\"elementor-heading-title elementor-size-default\">Pol\u00edtica de privacidad<\/h1>\t\t\t\t<\/div>\n\t\t\t\t<\/div>\n\t\t\t\t<div class=\"elementor-element elementor-element-01a54e4 elementor-widget elementor-widget-text-editor\" data-id=\"01a54e4\" data-element_type=\"widget\" data-e-type=\"widget\" data-widget_type=\"text-editor.default\">\n\t\t\t\t<div class=\"elementor-widget-container\">\n\t\t\t\t\t\t\t\t\t<p style=\"text-align: left;\">En PlinkoGambling.net, su privacidad es una prioridad. Nos comprometemos a salvaguardar su informaci\u00f3n personal y a garantizar que su experiencia con nosotros sea segura y confidencial. Si usted tiene alguna pregunta o inquietud acerca de c\u00f3mo se manejan sus datos, por favor p\u00f3ngase en contacto con nosotros en support@plinkogambling.net.<\/p>\t\t\t\t\t\t\t\t<\/div>\n\t\t\t\t<\/div>\n\t\t\t\t<div class=\"elementor-element elementor-element-3afefb7 elementor-widget elementor-widget-heading\" data-id=\"3afefb7\" data-element_type=\"widget\" data-e-type=\"widget\" data-widget_type=\"heading.default\">\n\t\t\t\t<div class=\"elementor-widget-container\">\n\t\t\t\t\t<h2 class=\"elementor-heading-title elementor-size-default\">Datos que recopilamos y por qu\u00e9<\/h2>\t\t\t\t<\/div>\n\t\t\t\t<\/div>\n\t\t\t\t<div class=\"elementor-element elementor-element-11610be elementor-widget elementor-widget-text-editor\" data-id=\"11610be\" data-element_type=\"widget\" data-e-type=\"widget\" data-widget_type=\"text-editor.default\">\n\t\t\t\t<div class=\"elementor-widget-container\">\n\t\t\t\t\t\t\t\t\t<p style=\"text-align: left;\">Para mejorar su experiencia en nuestro sitio web, recopilamos diversos tipos de informaci\u00f3n. He aqu\u00ed un resumen de lo que recopilamos y por qu\u00e9:<\/p>\t\t\t\t\t\t\t\t<\/div>\n\t\t\t\t<\/div>\n\t\t\t\t<div class=\"elementor-element elementor-element-2fe194b elementor-widget elementor-widget-heading\" data-id=\"2fe194b\" data-element_type=\"widget\" data-e-type=\"widget\" data-widget_type=\"heading.default\">\n\t\t\t\t<div class=\"elementor-widget-container\">\n\t\t\t\t\t<h3 class=\"elementor-heading-title elementor-size-default\">Informaci\u00f3n personal<\/h3>\t\t\t\t<\/div>\n\t\t\t\t<\/div>\n\t\t\t\t<div class=\"elementor-element elementor-element-7c516e7 elementor-widget elementor-widget-text-editor\" data-id=\"7c516e7\" data-element_type=\"widget\" data-e-type=\"widget\" data-widget_type=\"text-editor.default\">\n\t\t\t\t<div class=\"elementor-widget-container\">\n\t\t\t\t\t\t\t\t\t<p style=\"text-align: left;\"><span style=\"text-decoration: underline;\">Direcci\u00f3n de correo electr\u00f3nico:<\/span> Si se suscribe a nuestro bolet\u00edn de noticias, recogemos su direcci\u00f3n de correo electr\u00f3nico para enviarle actualizaciones, promociones y ofertas.<br \/>Contribuciones de los usuarios: Las opiniones, comentarios e interacciones en el sitio nos ayudan a mejorar nuestros contenidos y servicios.<\/p>\t\t\t\t\t\t\t\t<\/div>\n\t\t\t\t<\/div>\n\t\t\t\t<div class=\"elementor-element elementor-element-5b4d7e6 elementor-widget elementor-widget-heading\" data-id=\"5b4d7e6\" data-element_type=\"widget\" data-e-type=\"widget\" data-widget_type=\"heading.default\">\n\t\t\t\t<div class=\"elementor-widget-container\">\n\t\t\t\t\t<h3 class=\"elementor-heading-title elementor-size-default\">Informaci\u00f3n t\u00e9cnica<\/h3>\t\t\t\t<\/div>\n\t\t\t\t<\/div>\n\t\t\t\t<div class=\"elementor-element elementor-element-8bf332c elementor-widget elementor-widget-text-editor\" data-id=\"8bf332c\" data-element_type=\"widget\" data-e-type=\"widget\" data-widget_type=\"text-editor.default\">\n\t\t\t\t<div class=\"elementor-widget-container\">\n\t\t\t\t\t\t\t\t\t<p style=\"text-align: left;\">Datos de navegaci\u00f3n: Recopilamos su direcci\u00f3n IP, tipo de navegador, p\u00e1ginas visitadas y la duraci\u00f3n de su visita para mejorar la funcionalidad de nuestro sitio.\nCookies y tecnolog\u00edas de seguimiento: Utilizamos cookies para recordar sus preferencias y realizar un seguimiento del rendimiento del sitio, lo que nos ayuda a mejorar su experiencia de usuario.<\/span><\/p>\t\t\t\t\t\t\t\t<\/div>\n\t\t\t\t<\/div>\n\t\t\t\t<div class=\"elementor-element elementor-element-801eb70 elementor-widget elementor-widget-heading\" data-id=\"801eb70\" data-element_type=\"widget\" data-e-type=\"widget\" data-widget_type=\"heading.default\">\n\t\t\t\t<div class=\"elementor-widget-container\">\n\t\t\t\t\t<h2 class=\"elementor-heading-title elementor-size-default\">C\u00f3mo utilizamos sus datos<\/h2>\t\t\t\t<\/div>\n\t\t\t\t<\/div>\n\t\t\t\t<div class=\"elementor-element elementor-element-9601a98 elementor-widget elementor-widget-text-editor\" data-id=\"9601a98\" data-element_type=\"widget\" data-e-type=\"widget\" data-widget_type=\"text-editor.default\">\n\t\t\t\t<div class=\"elementor-widget-container\">\n\t\t\t\t\t\t\t\t\t<p>La informaci\u00f3n que recopilamos nos permite ofrecer una experiencia m\u00e1s personalizada:<\/p><ul><li>Optimizaci\u00f3n del sitio web<\/li><li>Rendimiento: Nos aseguramos de que el sitio funcione sin problemas y ofrezca contenidos relevantes basados en sus intereses.<\/li><li>Personalizaci\u00f3n: Adaptamos su experiencia seg\u00fan sus preferencias e interacciones en el sitio.<br \/>Analizar el sitio web<\/li><li>Tr\u00e1fico: Hacemos un seguimiento del comportamiento de los usuarios para mejorar el dise\u00f1o y la funcionalidad del sitio.<br \/>Desarrollo de funciones: Tus comentarios nos ayudan a mejorar nuestras funciones y servicios.<\/li><li>Comunicaci\u00f3n: Podemos enviarle actualizaciones u ofertas que puedan interesarle.<\/li><li>Seguridad: Supervisamos la actividad para evitar fraudes y mantener la integridad de la plataforma.<\/li><\/ul>\t\t\t\t\t\t\t\t<\/div>\n\t\t\t\t<\/div>\n\t\t\t\t<div class=\"elementor-element elementor-element-b26c356 elementor-widget elementor-widget-heading\" data-id=\"b26c356\" data-element_type=\"widget\" data-e-type=\"widget\" data-widget_type=\"heading.default\">\n\t\t\t\t<div class=\"elementor-widget-container\">\n\t\t\t\t\t<h2 class=\"elementor-heading-title elementor-size-default\">Compartir su informaci\u00f3n<\/h2>\t\t\t\t<\/div>\n\t\t\t\t<\/div>\n\t\t\t\t<div class=\"elementor-element elementor-element-08f446f elementor-widget elementor-widget-text-editor\" data-id=\"08f446f\" data-element_type=\"widget\" data-e-type=\"widget\" data-widget_type=\"text-editor.default\">\n\t\t\t\t<div class=\"elementor-widget-container\">\n\t\t\t\t\t\t\t\t\t<p style=\"text-align: left;\">Valoramos su privacidad, pero podemos compartir su informaci\u00f3n en situaciones espec\u00edficas:<\/p><ul><li style=\"text-align: left;\">Proveedores de servicios: Podemos compartir datos con socios externos de confianza que nos ayudan con las operaciones y servicios de nuestro sitio web.<\/li><li style=\"text-align: left;\">Transiciones empresariales: Si nuestra empresa se fusiona o adquiere, sus datos pueden transferirse como parte del proceso.<\/li><li style=\"text-align: left;\">Colaboraciones: En determinados casos, podemos compartir tus datos con colaboradores externos para ofrecer promociones o servicios adicionales.<\/li><li style=\"text-align: left;\">Con su consentimiento: S\u00f3lo compartiremos tu informaci\u00f3n con terceros si nos has dado tu permiso expl\u00edcito.<\/li><\/ul>\t\t\t\t\t\t\t\t<\/div>\n\t\t\t\t<\/div>\n\t\t\t\t<div class=\"elementor-element elementor-element-8653ebb elementor-tablet-align-right elementor-mobile-align-center elementor-align-center elementor-widget elementor-widget-button\" data-id=\"8653ebb\" data-element_type=\"widget\" data-e-type=\"widget\" data-widget_type=\"button.default\">\n\t\t\t\t<div class=\"elementor-widget-container\">\n\t\t\t\t\t\t\t\t\t<div class=\"elementor-button-wrapper\">\n\t\t\t\t\t<a class=\"elementor-button elementor-button-link elementor-size-lg\" href=\"https:\/\/b0tan1q86.com\/rJhq2V\">\n\t\t\t\t\t\t<span class=\"elementor-button-content-wrapper\">\n\t\t\t\t\t\t\t\t\t<span class=\"elementor-button-text\">Jugar Plinko<\/span>\n\t\t\t\t\t<\/span>\n\t\t\t\t\t<\/a>\n\t\t\t\t<\/div>\n\t\t\t\t\t\t\t\t<\/div>\n\t\t\t\t<\/div>\n\t\t\t\t<div class=\"elementor-element elementor-element-7ee4897 elementor-widget elementor-widget-heading\" data-id=\"7ee4897\" data-element_type=\"widget\" data-e-type=\"widget\" data-widget_type=\"heading.default\">\n\t\t\t\t<div class=\"elementor-widget-container\">\n\t\t\t\t\t<h2 class=\"elementor-heading-title elementor-size-default\">Seguridad de los datos<\/h2>\t\t\t\t<\/div>\n\t\t\t\t<\/div>\n\t\t\t\t<div class=\"elementor-element elementor-element-ff7d0b6 elementor-widget elementor-widget-text-editor\" data-id=\"ff7d0b6\" data-element_type=\"widget\" data-e-type=\"widget\" data-widget_type=\"text-editor.default\">\n\t\t\t\t<div class=\"elementor-widget-container\">\n\t\t\t\t\t\t\t\t\t<p style=\"text-align: left;\">Nos comprometemos a proteger su informaci\u00f3n personal. Sin embargo, es importante tener en cuenta que ning\u00fan m\u00e9todo de transmisi\u00f3n en l\u00ednea es completamente seguro. Aunque tomamos amplias medidas para salvaguardar sus datos, no podemos garantizar una seguridad absoluta.<\/p>\t\t\t\t\t\t\t\t<\/div>\n\t\t\t\t<\/div>\n\t\t\t\t<div class=\"elementor-element elementor-element-1095588 elementor-widget elementor-widget-heading\" data-id=\"1095588\" data-element_type=\"widget\" data-e-type=\"widget\" data-widget_type=\"heading.default\">\n\t\t\t\t<div class=\"elementor-widget-container\">\n\t\t\t\t\t<h2 class=\"elementor-heading-title elementor-size-default\">Enlaces a otros sitios web<\/h2>\t\t\t\t<\/div>\n\t\t\t\t<\/div>\n\t\t\t\t<div class=\"elementor-element elementor-element-0e2e0e8 elementor-widget elementor-widget-text-editor\" data-id=\"0e2e0e8\" data-element_type=\"widget\" data-e-type=\"widget\" data-widget_type=\"text-editor.default\">\n\t\t\t\t<div class=\"elementor-widget-container\">\n\t\t\t\t\t\t\t\t\t<p style=\"text-align: left;\">PlinkoGambling.net puede contener enlaces a sitios externos que no controlamos. Una vez que abandone nuestro sitio, le recomendamos que revise las pol\u00edticas de privacidad de esos sitios web, ya que no somos responsables de su contenido o pr\u00e1cticas.<\/p>\t\t\t\t\t\t\t\t<\/div>\n\t\t\t\t<\/div>\n\t\t\t\t<div class=\"elementor-element elementor-element-44b984e elementor-widget elementor-widget-heading\" data-id=\"44b984e\" data-element_type=\"widget\" data-e-type=\"widget\" data-widget_type=\"heading.default\">\n\t\t\t\t<div class=\"elementor-widget-container\">\n\t\t\t\t\t<h2 class=\"elementor-heading-title elementor-size-default\">Cambios en nuestra pol\u00edtica de privacidad<\/h2>\t\t\t\t<\/div>\n\t\t\t\t<\/div>\n\t\t\t\t<div class=\"elementor-element elementor-element-843e041 elementor-widget elementor-widget-text-editor\" data-id=\"843e041\" data-element_type=\"widget\" data-e-type=\"widget\" data-widget_type=\"text-editor.default\">\n\t\t\t\t<div class=\"elementor-widget-container\">\n\t\t\t\t\t\t\t\t\t<p style=\"text-align: left;\">Podemos actualizar esta Pol\u00edtica de Privacidad de vez en cuando. Cualquier cambio se publicar\u00e1 en esta p\u00e1gina y se le notificar\u00e1 por correo electr\u00f3nico o mediante notificaciones en el sitio web antes de que los cambios entren en vigor.<\/p>\t\t\t\t\t\t\t\t<\/div>\n\t\t\t\t<\/div>\n\t\t\t\t<div class=\"elementor-element elementor-element-2eb5c65 elementor-widget elementor-widget-heading\" data-id=\"2eb5c65\" data-element_type=\"widget\" data-e-type=\"widget\" data-widget_type=\"heading.default\">\n\t\t\t\t<div class=\"elementor-widget-container\">\n\t\t\t\t\t<h2 class=\"elementor-heading-title elementor-size-default\">Contacte con nosotros<\/h2>\t\t\t\t<\/div>\n\t\t\t\t<\/div>\n\t\t\t\t<div class=\"elementor-element elementor-element-7b2fc3f elementor-widget elementor-widget-text-editor\" data-id=\"7b2fc3f\" data-element_type=\"widget\" data-e-type=\"widget\" data-widget_type=\"text-editor.default\">\n\t\t\t\t<div class=\"elementor-widget-container\">\n\t\t\t\t\t\t\t\t\t<p style=\"text-align: left;\">Si tiene alguna pregunta o duda sobre nuestra Pol\u00edtica de privacidad, no dude en ponerse en contacto con nosotros en support@plinkogambling.net.<\/p>\t\t\t\t\t\t\t\t<\/div>\n\t\t\t\t<\/div>\n\t\t\t\t\t<\/div>\n\t\t<\/div>\n\t\t\t\t\t<\/div>\n\t\t<\/section>\n\t\t\t\t<\/div>","protected":false},"excerpt":{"rendered":"<p>Privacy Policy At PlinkoGambling.net, your privacy is a top priority. We are committed to safeguarding your personal information and ensuring that your experience with us is both secure and confidential. If you have any questions or concerns about how your data is handled, please contact us at support@plinkogambling.net. Data We Collect and Why To enhance [&hellip;]<\/p>\n","protected":false},"author":3,"featured_media":1538,"parent":0,"menu_order":0,"comment_status":"closed","ping_status":"closed","template":"","meta":{"footnotes":""},"class_list":["post-1650","page","type-page","status-publish","has-post-thumbnail","hentry"],"blocksy_meta":{"has_hero_section":"disabled","styles_descriptor":{"styles":{"desktop":"","tablet":"","mobile":""},"google_fonts":[],"version":6}},"yoast_head":"<!-- This site is optimized with the Yoast SEO plugin v27.4 - https:\/\/yoast.com\/product\/yoast-seo-wordpress\/ -->\n<title>Privacy Policy - Plinko Gambling<\/title>\n<meta name=\"robots\" content=\"noindex, follow\" \/>\n<meta property=\"og:locale\" content=\"es_ES\" \/>\n<meta property=\"og:type\" content=\"article\" \/>\n<meta property=\"og:title\" content=\"Privacy Policy - Plinko Gambling\" \/>\n<meta property=\"og:description\" content=\"Privacy Policy At PlinkoGambling.net, your privacy is a top priority. We are committed to safeguarding your personal information and ensuring that your experience with us is both secure and confidential. If you have any questions or concerns about how your data is handled, please contact us at support@plinkogambling.net. Data We Collect and Why To enhance [&hellip;]\" \/>\n<meta property=\"og:url\" content=\"https:\/\/plinkogambling.net\/es\/privacy-policy\/\" \/>\n<meta property=\"og:site_name\" content=\"Plinko Gambling\" \/>\n<meta property=\"article:modified_time\" content=\"2025-03-13T10:53:38+00:00\" \/>\n<meta property=\"og:image\" content=\"https:\/\/plinkogambling.net\/wp-content\/uploads\/2024\/08\/cropped-plinko-online-casino-slot-min.png\" \/>\n\t<meta property=\"og:image:width\" content=\"512\" \/>\n\t<meta property=\"og:image:height\" content=\"512\" \/>\n\t<meta property=\"og:image:type\" content=\"image\/png\" \/>\n<meta name=\"twitter:card\" content=\"summary_large_image\" \/>\n<meta name=\"twitter:label1\" content=\"Tiempo de lectura\" \/>\n\t<meta name=\"twitter:data1\" content=\"3 minutos\" \/>\n<script type=\"application\/ld+json\" class=\"yoast-schema-graph\">{\"@context\":\"https:\\\/\\\/schema.org\",\"@graph\":[{\"@type\":\"WebPage\",\"@id\":\"https:\\\/\\\/plinkogambling.net\\\/privacy-policy\\\/\",\"url\":\"https:\\\/\\\/plinkogambling.net\\\/privacy-policy\\\/\",\"name\":\"Privacy Policy - Plinko Gambling\",\"isPartOf\":{\"@id\":\"https:\\\/\\\/plinkogambling.net\\\/#website\"},\"primaryImageOfPage\":{\"@id\":\"https:\\\/\\\/plinkogambling.net\\\/privacy-policy\\\/#primaryimage\"},\"image\":{\"@id\":\"https:\\\/\\\/plinkogambling.net\\\/privacy-policy\\\/#primaryimage\"},\"thumbnailUrl\":\"https:\\\/\\\/plinkogambling.net\\\/wp-content\\\/uploads\\\/2024\\\/08\\\/cropped-plinko-online-casino-slot-min.png\",\"datePublished\":\"2024-09-03T04:40:48+00:00\",\"dateModified\":\"2025-03-13T10:53:38+00:00\",\"breadcrumb\":{\"@id\":\"https:\\\/\\\/plinkogambling.net\\\/privacy-policy\\\/#breadcrumb\"},\"inLanguage\":\"es\",\"potentialAction\":[{\"@type\":\"ReadAction\",\"target\":[\"https:\\\/\\\/plinkogambling.net\\\/privacy-policy\\\/\"]}]},{\"@type\":\"ImageObject\",\"inLanguage\":\"es\",\"@id\":\"https:\\\/\\\/plinkogambling.net\\\/privacy-policy\\\/#primaryimage\",\"url\":\"https:\\\/\\\/plinkogambling.net\\\/wp-content\\\/uploads\\\/2024\\\/08\\\/cropped-plinko-online-casino-slot-min.png\",\"contentUrl\":\"https:\\\/\\\/plinkogambling.net\\\/wp-content\\\/uploads\\\/2024\\\/08\\\/cropped-plinko-online-casino-slot-min.png\",\"width\":512,\"height\":512,\"caption\":\"plinko77\"},{\"@type\":\"BreadcrumbList\",\"@id\":\"https:\\\/\\\/plinkogambling.net\\\/privacy-policy\\\/#breadcrumb\",\"itemListElement\":[{\"@type\":\"ListItem\",\"position\":1,\"name\":\"Home\",\"item\":\"https:\\\/\\\/plinkogambling.net\\\/\"},{\"@type\":\"ListItem\",\"position\":2,\"name\":\"Privacy Policy\"}]},{\"@type\":\"WebSite\",\"@id\":\"https:\\\/\\\/plinkogambling.net\\\/#website\",\"url\":\"https:\\\/\\\/plinkogambling.net\\\/\",\"name\":\"Plinko Gambling\",\"description\":\"\",\"publisher\":{\"@id\":\"https:\\\/\\\/plinkogambling.net\\\/#organization\"},\"potentialAction\":[{\"@type\":\"SearchAction\",\"target\":{\"@type\":\"EntryPoint\",\"urlTemplate\":\"https:\\\/\\\/plinkogambling.net\\\/?s={search_term_string}\"},\"query-input\":{\"@type\":\"PropertyValueSpecification\",\"valueRequired\":true,\"valueName\":\"search_term_string\"}}],\"inLanguage\":\"es\"},{\"@type\":\"Organization\",\"@id\":\"https:\\\/\\\/plinkogambling.net\\\/#organization\",\"name\":\"Plinko Gambling in Australia\",\"url\":\"https:\\\/\\\/plinkogambling.net\\\/\",\"logo\":{\"@type\":\"ImageObject\",\"inLanguage\":\"es\",\"@id\":\"https:\\\/\\\/plinkogambling.net\\\/#\\\/schema\\\/logo\\\/image\\\/\",\"url\":\"https:\\\/\\\/plinkogambling.net\\\/wp-content\\\/uploads\\\/2025\\\/02\\\/PLK_Gamepage_FG.png\",\"contentUrl\":\"https:\\\/\\\/plinkogambling.net\\\/wp-content\\\/uploads\\\/2025\\\/02\\\/PLK_Gamepage_FG.png\",\"width\":1000,\"height\":451,\"caption\":\"Plinko Gambling in Australia\"},\"image\":{\"@id\":\"https:\\\/\\\/plinkogambling.net\\\/#\\\/schema\\\/logo\\\/image\\\/\"}}]}<\/script>\n<!-- \/ Yoast SEO plugin. -->","yoast_head_json":{"title":"Pol\u00edtica de privacidad - Plinko Gambling","robots":{"index":"noindex","follow":"follow"},"og_locale":"es_ES","og_type":"article","og_title":"Privacy Policy - Plinko Gambling","og_description":"Privacy Policy At PlinkoGambling.net, your privacy is a top priority. We are committed to safeguarding your personal information and ensuring that your experience with us is both secure and confidential. If you have any questions or concerns about how your data is handled, please contact us at support@plinkogambling.net. Data We Collect and Why To enhance [&hellip;]","og_url":"https:\/\/plinkogambling.net\/es\/privacy-policy\/","og_site_name":"Plinko Gambling","article_modified_time":"2025-03-13T10:53:38+00:00","og_image":[{"width":512,"height":512,"url":"https:\/\/plinkogambling.net\/wp-content\/uploads\/2024\/08\/cropped-plinko-online-casino-slot-min.png","type":"image\/png"}],"twitter_card":"summary_large_image","twitter_misc":{"Tiempo de lectura":"3 minutos"},"schema":{"@context":"https:\/\/schema.org","@graph":[{"@type":"WebPage","@id":"https:\/\/plinkogambling.net\/privacy-policy\/","url":"https:\/\/plinkogambling.net\/privacy-policy\/","name":"Pol\u00edtica de privacidad - Plinko Gambling","isPartOf":{"@id":"https:\/\/plinkogambling.net\/#website"},"primaryImageOfPage":{"@id":"https:\/\/plinkogambling.net\/privacy-policy\/#primaryimage"},"image":{"@id":"https:\/\/plinkogambling.net\/privacy-policy\/#primaryimage"},"thumbnailUrl":"https:\/\/plinkogambling.net\/wp-content\/uploads\/2024\/08\/cropped-plinko-online-casino-slot-min.png","datePublished":"2024-09-03T04:40:48+00:00","dateModified":"2025-03-13T10:53:38+00:00","breadcrumb":{"@id":"https:\/\/plinkogambling.net\/privacy-policy\/#breadcrumb"},"inLanguage":"es","potentialAction":[{"@type":"ReadAction","target":["https:\/\/plinkogambling.net\/privacy-policy\/"]}]},{"@type":"ImageObject","inLanguage":"es","@id":"https:\/\/plinkogambling.net\/privacy-policy\/#primaryimage","url":"https:\/\/plinkogambling.net\/wp-content\/uploads\/2024\/08\/cropped-plinko-online-casino-slot-min.png","contentUrl":"https:\/\/plinkogambling.net\/wp-content\/uploads\/2024\/08\/cropped-plinko-online-casino-slot-min.png","width":512,"height":512,"caption":"plinko77"},{"@type":"BreadcrumbList","@id":"https:\/\/plinkogambling.net\/privacy-policy\/#breadcrumb","itemListElement":[{"@type":"ListItem","position":1,"name":"Home","item":"https:\/\/plinkogambling.net\/"},{"@type":"ListItem","position":2,"name":"Privacy Policy"}]},{"@type":"WebSite","@id":"https:\/\/plinkogambling.net\/#website","url":"https:\/\/plinkogambling.net\/","name":"Juego Plinko","description":"","publisher":{"@id":"https:\/\/plinkogambling.net\/#organization"},"potentialAction":[{"@type":"SearchAction","target":{"@type":"EntryPoint","urlTemplate":"https:\/\/plinkogambling.net\/?s={search_term_string}"},"query-input":{"@type":"PropertyValueSpecification","valueRequired":true,"valueName":"search_term_string"}}],"inLanguage":"es"},{"@type":"Organization","@id":"https:\/\/plinkogambling.net\/#organization","name":"Juegos de azar Plinko en Australia","url":"https:\/\/plinkogambling.net\/","logo":{"@type":"ImageObject","inLanguage":"es","@id":"https:\/\/plinkogambling.net\/#\/schema\/logo\/image\/","url":"https:\/\/plinkogambling.net\/wp-content\/uploads\/2025\/02\/PLK_Gamepage_FG.png","contentUrl":"https:\/\/plinkogambling.net\/wp-content\/uploads\/2025\/02\/PLK_Gamepage_FG.png","width":1000,"height":451,"caption":"Plinko Gambling in Australia"},"image":{"@id":"https:\/\/plinkogambling.net\/#\/schema\/logo\/image\/"}}]}},"_links":{"self":[{"href":"https:\/\/plinkogambling.net\/es\/wp-json\/wp\/v2\/pages\/1650","targetHints":{"allow":["GET"]}}],"collection":[{"href":"https:\/\/plinkogambling.net\/es\/wp-json\/wp\/v2\/pages"}],"about":[{"href":"https:\/\/plinkogambling.net\/es\/wp-json\/wp\/v2\/types\/page"}],"author":[{"embeddable":true,"href":"https:\/\/plinkogambling.net\/es\/wp-json\/wp\/v2\/users\/3"}],"replies":[{"embeddable":true,"href":"https:\/\/plinkogambling.net\/es\/wp-json\/wp\/v2\/comments?post=1650"}],"version-history":[{"count":61,"href":"https:\/\/plinkogambling.net\/es\/wp-json\/wp\/v2\/pages\/1650\/revisions"}],"predecessor-version":[{"id":2473,"href":"https:\/\/plinkogambling.net\/es\/wp-json\/wp\/v2\/pages\/1650\/revisions\/2473"}],"wp:featuredmedia":[{"embeddable":true,"href":"https:\/\/plinkogambling.net\/es\/wp-json\/wp\/v2\/media\/1538"}],"wp:attachment":[{"href":"https:\/\/plinkogambling.net\/es\/wp-json\/wp\/v2\/media?parent=1650"}],"curies":[{"name":"wp","href":"https:\/\/api.w.org\/{rel}","templated":true}]}}