{"id":1650,"date":"2024-09-03T04:40:48","date_gmt":"2024-09-03T04:40:48","guid":{"rendered":"https:\/\/plinkogambling.net\/?page_id=1650"},"modified":"2025-03-13T10:53:38","modified_gmt":"2025-03-13T10:53:38","slug":"privacy-policy","status":"publish","type":"page","link":"https:\/\/plinkogambling.net\/de\/privacy-policy\/","title":{"rendered":"Datenschutzbestimmungen"},"content":{"rendered":"<div data-elementor-type=\"wp-page\" data-elementor-id=\"1650\" class=\"elementor elementor-1650\">\n\t\t\t\t\t\t<section class=\"elementor-section elementor-top-section elementor-element elementor-element-02df681 elementor-section-boxed elementor-section-height-default elementor-section-height-default\" data-id=\"02df681\" data-element_type=\"section\" data-e-type=\"section\">\n\t\t\t\t\t\t<div class=\"elementor-container elementor-column-gap-default\">\n\t\t\t\t\t<div class=\"elementor-column elementor-col-100 elementor-top-column elementor-element elementor-element-be5bd69\" data-id=\"be5bd69\" data-element_type=\"column\" data-e-type=\"column\">\n\t\t\t<div class=\"elementor-widget-wrap elementor-element-populated\">\n\t\t\t\t\t\t<div class=\"elementor-element elementor-element-af3780e elementor-widget elementor-widget-spacer\" data-id=\"af3780e\" data-element_type=\"widget\" data-e-type=\"widget\" data-widget_type=\"spacer.default\">\n\t\t\t\t<div class=\"elementor-widget-container\">\n\t\t\t\t\t\t\t<div class=\"elementor-spacer\">\n\t\t\t<div class=\"elementor-spacer-inner\"><\/div>\n\t\t<\/div>\n\t\t\t\t\t\t<\/div>\n\t\t\t\t<\/div>\n\t\t\t\t<div class=\"elementor-element elementor-element-0d371d8 elementor-widget elementor-widget-heading\" data-id=\"0d371d8\" data-element_type=\"widget\" data-e-type=\"widget\" data-widget_type=\"heading.default\">\n\t\t\t\t<div class=\"elementor-widget-container\">\n\t\t\t\t\t<h1 class=\"elementor-heading-title elementor-size-default\">Datenschutzbestimmungen<\/h1>\t\t\t\t<\/div>\n\t\t\t\t<\/div>\n\t\t\t\t<div class=\"elementor-element elementor-element-01a54e4 elementor-widget elementor-widget-text-editor\" data-id=\"01a54e4\" data-element_type=\"widget\" data-e-type=\"widget\" data-widget_type=\"text-editor.default\">\n\t\t\t\t<div class=\"elementor-widget-container\">\n\t\t\t\t\t\t\t\t\t<p style=\"text-align: left;\">Bei PlinkoGambling.net hat Ihre Privatsph\u00e4re h\u00f6chste Priorit\u00e4t. Wir verpflichten uns, Ihre pers\u00f6nlichen Daten zu sch\u00fctzen und sicherzustellen, dass Ihre Erfahrungen mit uns sicher und vertraulich sind. Wenn Sie Fragen oder Bedenken haben, wie Ihre Daten behandelt werden, kontaktieren Sie uns bitte unter support@plinkogambling.net.<\/p>\t\t\t\t\t\t\t\t<\/div>\n\t\t\t\t<\/div>\n\t\t\t\t<div class=\"elementor-element elementor-element-3afefb7 elementor-widget elementor-widget-heading\" data-id=\"3afefb7\" data-element_type=\"widget\" data-e-type=\"widget\" data-widget_type=\"heading.default\">\n\t\t\t\t<div class=\"elementor-widget-container\">\n\t\t\t\t\t<h2 class=\"elementor-heading-title elementor-size-default\">Daten, die wir sammeln und warum<\/h2>\t\t\t\t<\/div>\n\t\t\t\t<\/div>\n\t\t\t\t<div class=\"elementor-element elementor-element-11610be elementor-widget elementor-widget-text-editor\" data-id=\"11610be\" data-element_type=\"widget\" data-e-type=\"widget\" data-widget_type=\"text-editor.default\">\n\t\t\t\t<div class=\"elementor-widget-container\">\n\t\t\t\t\t\t\t\t\t<p style=\"text-align: left;\">Um Ihre Erfahrung auf unserer Website zu verbessern, sammeln wir verschiedene Arten von Informationen. Hier finden Sie einen \u00dcberblick dar\u00fcber, was wir sammeln und warum:<\/p>\t\t\t\t\t\t\t\t<\/div>\n\t\t\t\t<\/div>\n\t\t\t\t<div class=\"elementor-element elementor-element-2fe194b elementor-widget elementor-widget-heading\" data-id=\"2fe194b\" data-element_type=\"widget\" data-e-type=\"widget\" data-widget_type=\"heading.default\">\n\t\t\t\t<div class=\"elementor-widget-container\">\n\t\t\t\t\t<h3 class=\"elementor-heading-title elementor-size-default\">Pers\u00f6nliche Informationen<\/h3>\t\t\t\t<\/div>\n\t\t\t\t<\/div>\n\t\t\t\t<div class=\"elementor-element elementor-element-7c516e7 elementor-widget elementor-widget-text-editor\" data-id=\"7c516e7\" data-element_type=\"widget\" data-e-type=\"widget\" data-widget_type=\"text-editor.default\">\n\t\t\t\t<div class=\"elementor-widget-container\">\n\t\t\t\t\t\t\t\t\t<p style=\"text-align: left;\"><span style=\"text-decoration: underline;\">E-Mail Adresse:<\/span> Wenn Sie sich f\u00fcr unseren Newsletter anmelden, erfassen wir Ihre E-Mail-Adresse, um Ihnen Aktualisierungen, Werbeaktionen und Angebote zu senden.<br \/>Benutzerbeitr\u00e4ge: Feedback, Kommentare und Interaktionen auf der Website helfen uns, unsere Inhalte und Dienstleistungen zu verbessern.<\/p>\t\t\t\t\t\t\t\t<\/div>\n\t\t\t\t<\/div>\n\t\t\t\t<div class=\"elementor-element elementor-element-5b4d7e6 elementor-widget elementor-widget-heading\" data-id=\"5b4d7e6\" data-element_type=\"widget\" data-e-type=\"widget\" data-widget_type=\"heading.default\">\n\t\t\t\t<div class=\"elementor-widget-container\">\n\t\t\t\t\t<h3 class=\"elementor-heading-title elementor-size-default\">Technische Informationen<\/h3>\t\t\t\t<\/div>\n\t\t\t\t<\/div>\n\t\t\t\t<div class=\"elementor-element elementor-element-8bf332c elementor-widget elementor-widget-text-editor\" data-id=\"8bf332c\" data-element_type=\"widget\" data-e-type=\"widget\" data-widget_type=\"text-editor.default\">\n\t\t\t\t<div class=\"elementor-widget-container\">\n\t\t\t\t\t\t\t\t\t<p style=\"text-align: left;\">Details zum Browsing: Wir erfassen Ihre IP-Adresse, den Browsertyp, die besuchten Seiten und die Dauer Ihres Besuchs, um die Funktionalit\u00e4t unserer Website zu verbessern.\nCookies und Tracking-Technologien: Wir verwenden Cookies, um Ihre Pr\u00e4ferenzen zu speichern und die Leistung der Website zu verfolgen, was uns hilft, Ihre Nutzererfahrung zu verbessern.<\/span><\/p>\t\t\t\t\t\t\t\t<\/div>\n\t\t\t\t<\/div>\n\t\t\t\t<div class=\"elementor-element elementor-element-801eb70 elementor-widget elementor-widget-heading\" data-id=\"801eb70\" data-element_type=\"widget\" data-e-type=\"widget\" data-widget_type=\"heading.default\">\n\t\t\t\t<div class=\"elementor-widget-container\">\n\t\t\t\t\t<h2 class=\"elementor-heading-title elementor-size-default\">Wie wir Ihre Daten verwenden<\/h2>\t\t\t\t<\/div>\n\t\t\t\t<\/div>\n\t\t\t\t<div class=\"elementor-element elementor-element-9601a98 elementor-widget elementor-widget-text-editor\" data-id=\"9601a98\" data-element_type=\"widget\" data-e-type=\"widget\" data-widget_type=\"text-editor.default\">\n\t\t\t\t<div class=\"elementor-widget-container\">\n\t\t\t\t\t\t\t\t\t<p>Die von uns gesammelten Informationen erm\u00f6glichen es uns, eine individuellere Erfahrung zu bieten:<\/p><ul><li>Optimierung der Website<\/li><li>Leistung: Wir sorgen daf\u00fcr, dass die Website reibungslos funktioniert und relevante Inhalte auf der Grundlage Ihrer Interessen liefert.<\/li><li>Personalisierung: Wir passen Ihr Erlebnis an Ihre Vorlieben und Interaktionen auf der Website an.<br \/>Analysieren der Website<\/li><li>Verkehr: Wir verfolgen das Nutzerverhalten, um Design und Funktionalit\u00e4t der Website zu verbessern.<br \/>Entwicklung von Funktionen: Ihr Feedback hilft uns, unsere Funktionen und Dienste zu verbessern.<\/li><li>Kommunikation: Wir k\u00f6nnen Ihnen Aktualisierungen oder Angebote schicken, die Sie interessieren k\u00f6nnten.<\/li><li>Sicherheit: Wir \u00fcberwachen die Aktivit\u00e4ten, um Betrug zu verhindern und die Integrit\u00e4t der Plattform zu wahren.<\/li><\/ul>\t\t\t\t\t\t\t\t<\/div>\n\t\t\t\t<\/div>\n\t\t\t\t<div class=\"elementor-element elementor-element-b26c356 elementor-widget elementor-widget-heading\" data-id=\"b26c356\" data-element_type=\"widget\" data-e-type=\"widget\" data-widget_type=\"heading.default\">\n\t\t\t\t<div class=\"elementor-widget-container\">\n\t\t\t\t\t<h2 class=\"elementor-heading-title elementor-size-default\">Weitergabe Ihrer Informationen<\/h2>\t\t\t\t<\/div>\n\t\t\t\t<\/div>\n\t\t\t\t<div class=\"elementor-element elementor-element-08f446f elementor-widget elementor-widget-text-editor\" data-id=\"08f446f\" data-element_type=\"widget\" data-e-type=\"widget\" data-widget_type=\"text-editor.default\">\n\t\t\t\t<div class=\"elementor-widget-container\">\n\t\t\t\t\t\t\t\t\t<p style=\"text-align: left;\">Wir sch\u00e4tzen Ihre Privatsph\u00e4re, k\u00f6nnen aber in bestimmten Situationen Ihre Daten weitergeben:<\/p><ul><li style=\"text-align: left;\">Dienstanbieter: Wir k\u00f6nnen Daten an vertrauensw\u00fcrdige Drittparteien weitergeben, die uns beim Betrieb unserer Website und bei unseren Dienstleistungen unterst\u00fctzen.<\/li><li style=\"text-align: left;\">Gesch\u00e4fts\u00fcberg\u00e4nge: Wenn unser Unternehmen fusioniert oder \u00fcbernommen wird, k\u00f6nnen Ihre Daten als Teil dieses Prozesses \u00fcbertragen werden.<\/li><li style=\"text-align: left;\">Kollaborationen: In bestimmten F\u00e4llen k\u00f6nnen wir Ihre Daten an externe Partner weitergeben, um Werbeaktionen oder zus\u00e4tzliche Dienstleistungen anzubieten.<\/li><li style=\"text-align: left;\">Mit Ihrem Einverst\u00e4ndnis: Wir geben Ihre Daten nur dann an Dritte weiter, wenn Sie Ihre ausdr\u00fcckliche Zustimmung erteilt haben.<\/li><\/ul>\t\t\t\t\t\t\t\t<\/div>\n\t\t\t\t<\/div>\n\t\t\t\t<div class=\"elementor-element elementor-element-8653ebb elementor-tablet-align-right elementor-mobile-align-center elementor-align-center elementor-widget elementor-widget-button\" data-id=\"8653ebb\" data-element_type=\"widget\" data-e-type=\"widget\" data-widget_type=\"button.default\">\n\t\t\t\t<div class=\"elementor-widget-container\">\n\t\t\t\t\t\t\t\t\t<div class=\"elementor-button-wrapper\">\n\t\t\t\t\t<a class=\"elementor-button elementor-button-link elementor-size-lg\" href=\"https:\/\/b0tan1q86.com\/rJhq2V\">\n\t\t\t\t\t\t<span class=\"elementor-button-content-wrapper\">\n\t\t\t\t\t\t\t\t\t<span class=\"elementor-button-text\">Plinko spielen<\/span>\n\t\t\t\t\t<\/span>\n\t\t\t\t\t<\/a>\n\t\t\t\t<\/div>\n\t\t\t\t\t\t\t\t<\/div>\n\t\t\t\t<\/div>\n\t\t\t\t<div class=\"elementor-element elementor-element-7ee4897 elementor-widget elementor-widget-heading\" data-id=\"7ee4897\" data-element_type=\"widget\" data-e-type=\"widget\" data-widget_type=\"heading.default\">\n\t\t\t\t<div class=\"elementor-widget-container\">\n\t\t\t\t\t<h2 class=\"elementor-heading-title elementor-size-default\">Datensicherheit<\/h2>\t\t\t\t<\/div>\n\t\t\t\t<\/div>\n\t\t\t\t<div class=\"elementor-element elementor-element-ff7d0b6 elementor-widget elementor-widget-text-editor\" data-id=\"ff7d0b6\" data-element_type=\"widget\" data-e-type=\"widget\" data-widget_type=\"text-editor.default\">\n\t\t\t\t<div class=\"elementor-widget-container\">\n\t\t\t\t\t\t\t\t\t<p style=\"text-align: left;\">Wir sind bestrebt, Ihre pers\u00f6nlichen Daten zu sch\u00fctzen. Es ist jedoch wichtig zu wissen, dass keine Online-\u00dcbertragungsmethode vollkommen sicher ist. Obwohl wir umfangreiche Ma\u00dfnahmen zum Schutz Ihrer Daten ergreifen, k\u00f6nnen wir keine absolute Sicherheit garantieren.<\/p>\t\t\t\t\t\t\t\t<\/div>\n\t\t\t\t<\/div>\n\t\t\t\t<div class=\"elementor-element elementor-element-1095588 elementor-widget elementor-widget-heading\" data-id=\"1095588\" data-element_type=\"widget\" data-e-type=\"widget\" data-widget_type=\"heading.default\">\n\t\t\t\t<div class=\"elementor-widget-container\">\n\t\t\t\t\t<h2 class=\"elementor-heading-title elementor-size-default\">Links zu anderen Websites<\/h2>\t\t\t\t<\/div>\n\t\t\t\t<\/div>\n\t\t\t\t<div class=\"elementor-element elementor-element-0e2e0e8 elementor-widget elementor-widget-text-editor\" data-id=\"0e2e0e8\" data-element_type=\"widget\" data-e-type=\"widget\" data-widget_type=\"text-editor.default\">\n\t\t\t\t<div class=\"elementor-widget-container\">\n\t\t\t\t\t\t\t\t\t<p style=\"text-align: left;\">PlinkoGambling.net kann Links zu externen Seiten enthalten, die wir nicht kontrollieren. Sobald Sie unsere Seite verlassen, empfehlen wir Ihnen, die Datenschutzrichtlinien dieser Websites zu lesen, da wir nicht f\u00fcr deren Inhalt oder Praktiken verantwortlich sind.<\/p>\t\t\t\t\t\t\t\t<\/div>\n\t\t\t\t<\/div>\n\t\t\t\t<div class=\"elementor-element elementor-element-44b984e elementor-widget elementor-widget-heading\" data-id=\"44b984e\" data-element_type=\"widget\" data-e-type=\"widget\" data-widget_type=\"heading.default\">\n\t\t\t\t<div class=\"elementor-widget-container\">\n\t\t\t\t\t<h2 class=\"elementor-heading-title elementor-size-default\">\u00c4nderungen an unserer Datenschutzrichtlinie<\/h2>\t\t\t\t<\/div>\n\t\t\t\t<\/div>\n\t\t\t\t<div class=\"elementor-element elementor-element-843e041 elementor-widget elementor-widget-text-editor\" data-id=\"843e041\" data-element_type=\"widget\" data-e-type=\"widget\" data-widget_type=\"text-editor.default\">\n\t\t\t\t<div class=\"elementor-widget-container\">\n\t\t\t\t\t\t\t\t\t<p style=\"text-align: left;\">Wir k\u00f6nnen diese Datenschutzrichtlinie von Zeit zu Zeit aktualisieren. Alle \u00c4nderungen werden auf dieser Seite ver\u00f6ffentlicht, und wir werden Sie per E-Mail oder Website-Benachrichtigungen informieren, bevor die \u00c4nderungen in Kraft treten.<\/p>\t\t\t\t\t\t\t\t<\/div>\n\t\t\t\t<\/div>\n\t\t\t\t<div class=\"elementor-element elementor-element-2eb5c65 elementor-widget elementor-widget-heading\" data-id=\"2eb5c65\" data-element_type=\"widget\" data-e-type=\"widget\" data-widget_type=\"heading.default\">\n\t\t\t\t<div class=\"elementor-widget-container\">\n\t\t\t\t\t<h2 class=\"elementor-heading-title elementor-size-default\">Kontakt<\/h2>\t\t\t\t<\/div>\n\t\t\t\t<\/div>\n\t\t\t\t<div class=\"elementor-element elementor-element-7b2fc3f elementor-widget elementor-widget-text-editor\" data-id=\"7b2fc3f\" data-element_type=\"widget\" data-e-type=\"widget\" data-widget_type=\"text-editor.default\">\n\t\t\t\t<div class=\"elementor-widget-container\">\n\t\t\t\t\t\t\t\t\t<p style=\"text-align: left;\">Wenn Sie Fragen oder Bedenken bez\u00fcglich unserer Datenschutzrichtlinie haben, k\u00f6nnen Sie uns gerne unter support@plinkogambling.net kontaktieren.<\/p>\t\t\t\t\t\t\t\t<\/div>\n\t\t\t\t<\/div>\n\t\t\t\t\t<\/div>\n\t\t<\/div>\n\t\t\t\t\t<\/div>\n\t\t<\/section>\n\t\t\t\t<\/div>","protected":false},"excerpt":{"rendered":"<p>Privacy Policy At PlinkoGambling.net, your privacy is a top priority. We are committed to safeguarding your personal information and ensuring that your experience with us is both secure and confidential. If you have any questions or concerns about how your data is handled, please contact us at support@plinkogambling.net. Data We Collect and Why To enhance [&hellip;]<\/p>\n","protected":false},"author":3,"featured_media":1538,"parent":0,"menu_order":0,"comment_status":"closed","ping_status":"closed","template":"","meta":{"footnotes":""},"class_list":["post-1650","page","type-page","status-publish","has-post-thumbnail","hentry"],"blocksy_meta":{"has_hero_section":"disabled","styles_descriptor":{"styles":{"desktop":"","tablet":"","mobile":""},"google_fonts":[],"version":6}},"yoast_head":"<!-- This site is optimized with the Yoast SEO plugin v27.4 - https:\/\/yoast.com\/product\/yoast-seo-wordpress\/ -->\n<title>Privacy Policy - Plinko Gambling<\/title>\n<meta name=\"robots\" content=\"noindex, follow\" \/>\n<meta property=\"og:locale\" content=\"de_DE\" \/>\n<meta property=\"og:type\" content=\"article\" \/>\n<meta property=\"og:title\" content=\"Privacy Policy - Plinko Gambling\" \/>\n<meta property=\"og:description\" content=\"Privacy Policy At PlinkoGambling.net, your privacy is a top priority. We are committed to safeguarding your personal information and ensuring that your experience with us is both secure and confidential. If you have any questions or concerns about how your data is handled, please contact us at support@plinkogambling.net. Data We Collect and Why To enhance [&hellip;]\" \/>\n<meta property=\"og:url\" content=\"https:\/\/plinkogambling.net\/de\/privacy-policy\/\" \/>\n<meta property=\"og:site_name\" content=\"Plinko Gambling\" \/>\n<meta property=\"article:modified_time\" content=\"2025-03-13T10:53:38+00:00\" \/>\n<meta property=\"og:image\" content=\"https:\/\/plinkogambling.net\/wp-content\/uploads\/2024\/08\/cropped-plinko-online-casino-slot-min.png\" \/>\n\t<meta property=\"og:image:width\" content=\"512\" \/>\n\t<meta property=\"og:image:height\" content=\"512\" \/>\n\t<meta property=\"og:image:type\" content=\"image\/png\" \/>\n<meta name=\"twitter:card\" content=\"summary_large_image\" \/>\n<meta name=\"twitter:label1\" content=\"Gesch\u00e4tzte Lesezeit\" \/>\n\t<meta name=\"twitter:data1\" content=\"3\u00a0Minuten\" \/>\n<script type=\"application\/ld+json\" class=\"yoast-schema-graph\">{\"@context\":\"https:\\\/\\\/schema.org\",\"@graph\":[{\"@type\":\"WebPage\",\"@id\":\"https:\\\/\\\/plinkogambling.net\\\/privacy-policy\\\/\",\"url\":\"https:\\\/\\\/plinkogambling.net\\\/privacy-policy\\\/\",\"name\":\"Privacy Policy - Plinko Gambling\",\"isPartOf\":{\"@id\":\"https:\\\/\\\/plinkogambling.net\\\/#website\"},\"primaryImageOfPage\":{\"@id\":\"https:\\\/\\\/plinkogambling.net\\\/privacy-policy\\\/#primaryimage\"},\"image\":{\"@id\":\"https:\\\/\\\/plinkogambling.net\\\/privacy-policy\\\/#primaryimage\"},\"thumbnailUrl\":\"https:\\\/\\\/plinkogambling.net\\\/wp-content\\\/uploads\\\/2024\\\/08\\\/cropped-plinko-online-casino-slot-min.png\",\"datePublished\":\"2024-09-03T04:40:48+00:00\",\"dateModified\":\"2025-03-13T10:53:38+00:00\",\"breadcrumb\":{\"@id\":\"https:\\\/\\\/plinkogambling.net\\\/privacy-policy\\\/#breadcrumb\"},\"inLanguage\":\"de\",\"potentialAction\":[{\"@type\":\"ReadAction\",\"target\":[\"https:\\\/\\\/plinkogambling.net\\\/privacy-policy\\\/\"]}]},{\"@type\":\"ImageObject\",\"inLanguage\":\"de\",\"@id\":\"https:\\\/\\\/plinkogambling.net\\\/privacy-policy\\\/#primaryimage\",\"url\":\"https:\\\/\\\/plinkogambling.net\\\/wp-content\\\/uploads\\\/2024\\\/08\\\/cropped-plinko-online-casino-slot-min.png\",\"contentUrl\":\"https:\\\/\\\/plinkogambling.net\\\/wp-content\\\/uploads\\\/2024\\\/08\\\/cropped-plinko-online-casino-slot-min.png\",\"width\":512,\"height\":512,\"caption\":\"plinko77\"},{\"@type\":\"BreadcrumbList\",\"@id\":\"https:\\\/\\\/plinkogambling.net\\\/privacy-policy\\\/#breadcrumb\",\"itemListElement\":[{\"@type\":\"ListItem\",\"position\":1,\"name\":\"Home\",\"item\":\"https:\\\/\\\/plinkogambling.net\\\/\"},{\"@type\":\"ListItem\",\"position\":2,\"name\":\"Privacy Policy\"}]},{\"@type\":\"WebSite\",\"@id\":\"https:\\\/\\\/plinkogambling.net\\\/#website\",\"url\":\"https:\\\/\\\/plinkogambling.net\\\/\",\"name\":\"Plinko Gambling\",\"description\":\"\",\"publisher\":{\"@id\":\"https:\\\/\\\/plinkogambling.net\\\/#organization\"},\"potentialAction\":[{\"@type\":\"SearchAction\",\"target\":{\"@type\":\"EntryPoint\",\"urlTemplate\":\"https:\\\/\\\/plinkogambling.net\\\/?s={search_term_string}\"},\"query-input\":{\"@type\":\"PropertyValueSpecification\",\"valueRequired\":true,\"valueName\":\"search_term_string\"}}],\"inLanguage\":\"de\"},{\"@type\":\"Organization\",\"@id\":\"https:\\\/\\\/plinkogambling.net\\\/#organization\",\"name\":\"Plinko Gambling in Australia\",\"url\":\"https:\\\/\\\/plinkogambling.net\\\/\",\"logo\":{\"@type\":\"ImageObject\",\"inLanguage\":\"de\",\"@id\":\"https:\\\/\\\/plinkogambling.net\\\/#\\\/schema\\\/logo\\\/image\\\/\",\"url\":\"https:\\\/\\\/plinkogambling.net\\\/wp-content\\\/uploads\\\/2025\\\/02\\\/PLK_Gamepage_FG.png\",\"contentUrl\":\"https:\\\/\\\/plinkogambling.net\\\/wp-content\\\/uploads\\\/2025\\\/02\\\/PLK_Gamepage_FG.png\",\"width\":1000,\"height\":451,\"caption\":\"Plinko Gambling in Australia\"},\"image\":{\"@id\":\"https:\\\/\\\/plinkogambling.net\\\/#\\\/schema\\\/logo\\\/image\\\/\"}}]}<\/script>\n<!-- \/ Yoast SEO plugin. -->","yoast_head_json":{"title":"Datenschutzrichtlinie - Plinko Gambling","robots":{"index":"noindex","follow":"follow"},"og_locale":"de_DE","og_type":"article","og_title":"Privacy Policy - Plinko Gambling","og_description":"Privacy Policy At PlinkoGambling.net, your privacy is a top priority. We are committed to safeguarding your personal information and ensuring that your experience with us is both secure and confidential. If you have any questions or concerns about how your data is handled, please contact us at support@plinkogambling.net. Data We Collect and Why To enhance [&hellip;]","og_url":"https:\/\/plinkogambling.net\/de\/privacy-policy\/","og_site_name":"Plinko Gambling","article_modified_time":"2025-03-13T10:53:38+00:00","og_image":[{"width":512,"height":512,"url":"https:\/\/plinkogambling.net\/wp-content\/uploads\/2024\/08\/cropped-plinko-online-casino-slot-min.png","type":"image\/png"}],"twitter_card":"summary_large_image","twitter_misc":{"Gesch\u00e4tzte Lesezeit":"3\u00a0Minuten"},"schema":{"@context":"https:\/\/schema.org","@graph":[{"@type":"WebPage","@id":"https:\/\/plinkogambling.net\/privacy-policy\/","url":"https:\/\/plinkogambling.net\/privacy-policy\/","name":"Datenschutzrichtlinie - Plinko Gambling","isPartOf":{"@id":"https:\/\/plinkogambling.net\/#website"},"primaryImageOfPage":{"@id":"https:\/\/plinkogambling.net\/privacy-policy\/#primaryimage"},"image":{"@id":"https:\/\/plinkogambling.net\/privacy-policy\/#primaryimage"},"thumbnailUrl":"https:\/\/plinkogambling.net\/wp-content\/uploads\/2024\/08\/cropped-plinko-online-casino-slot-min.png","datePublished":"2024-09-03T04:40:48+00:00","dateModified":"2025-03-13T10:53:38+00:00","breadcrumb":{"@id":"https:\/\/plinkogambling.net\/privacy-policy\/#breadcrumb"},"inLanguage":"de","potentialAction":[{"@type":"ReadAction","target":["https:\/\/plinkogambling.net\/privacy-policy\/"]}]},{"@type":"ImageObject","inLanguage":"de","@id":"https:\/\/plinkogambling.net\/privacy-policy\/#primaryimage","url":"https:\/\/plinkogambling.net\/wp-content\/uploads\/2024\/08\/cropped-plinko-online-casino-slot-min.png","contentUrl":"https:\/\/plinkogambling.net\/wp-content\/uploads\/2024\/08\/cropped-plinko-online-casino-slot-min.png","width":512,"height":512,"caption":"plinko77"},{"@type":"BreadcrumbList","@id":"https:\/\/plinkogambling.net\/privacy-policy\/#breadcrumb","itemListElement":[{"@type":"ListItem","position":1,"name":"Home","item":"https:\/\/plinkogambling.net\/"},{"@type":"ListItem","position":2,"name":"Privacy Policy"}]},{"@type":"WebSite","@id":"https:\/\/plinkogambling.net\/#website","url":"https:\/\/plinkogambling.net\/","name":"Plinko Gl\u00fccksspiel","description":"","publisher":{"@id":"https:\/\/plinkogambling.net\/#organization"},"potentialAction":[{"@type":"SearchAction","target":{"@type":"EntryPoint","urlTemplate":"https:\/\/plinkogambling.net\/?s={search_term_string}"},"query-input":{"@type":"PropertyValueSpecification","valueRequired":true,"valueName":"search_term_string"}}],"inLanguage":"de"},{"@type":"Organization","@id":"https:\/\/plinkogambling.net\/#organization","name":"Plinko-Gl\u00fccksspiel in Australien","url":"https:\/\/plinkogambling.net\/","logo":{"@type":"ImageObject","inLanguage":"de","@id":"https:\/\/plinkogambling.net\/#\/schema\/logo\/image\/","url":"https:\/\/plinkogambling.net\/wp-content\/uploads\/2025\/02\/PLK_Gamepage_FG.png","contentUrl":"https:\/\/plinkogambling.net\/wp-content\/uploads\/2025\/02\/PLK_Gamepage_FG.png","width":1000,"height":451,"caption":"Plinko Gambling in Australia"},"image":{"@id":"https:\/\/plinkogambling.net\/#\/schema\/logo\/image\/"}}]}},"_links":{"self":[{"href":"https:\/\/plinkogambling.net\/de\/wp-json\/wp\/v2\/pages\/1650","targetHints":{"allow":["GET"]}}],"collection":[{"href":"https:\/\/plinkogambling.net\/de\/wp-json\/wp\/v2\/pages"}],"about":[{"href":"https:\/\/plinkogambling.net\/de\/wp-json\/wp\/v2\/types\/page"}],"author":[{"embeddable":true,"href":"https:\/\/plinkogambling.net\/de\/wp-json\/wp\/v2\/users\/3"}],"replies":[{"embeddable":true,"href":"https:\/\/plinkogambling.net\/de\/wp-json\/wp\/v2\/comments?post=1650"}],"version-history":[{"count":61,"href":"https:\/\/plinkogambling.net\/de\/wp-json\/wp\/v2\/pages\/1650\/revisions"}],"predecessor-version":[{"id":2473,"href":"https:\/\/plinkogambling.net\/de\/wp-json\/wp\/v2\/pages\/1650\/revisions\/2473"}],"wp:featuredmedia":[{"embeddable":true,"href":"https:\/\/plinkogambling.net\/de\/wp-json\/wp\/v2\/media\/1538"}],"wp:attachment":[{"href":"https:\/\/plinkogambling.net\/de\/wp-json\/wp\/v2\/media?parent=1650"}],"curies":[{"name":"wp","href":"https:\/\/api.w.org\/{rel}","templated":true}]}}